{"id":926,"date":"2020-04-11T23:12:01","date_gmt":"2020-04-11T23:12:01","guid":{"rendered":"http:\/\/dcsh.xoc.uam.mx\/prodecon\/?page_id=926"},"modified":"2025-04-22T17:39:02","modified_gmt":"2025-04-22T17:39:02","slug":"area-de-mdce","status":"publish","type":"page","link":"https:\/\/dcsh.xoc.uam.mx\/prodecon\/index.php\/area-de-mdce\/","title":{"rendered":"\u00c1rea de Macroeconom\u00eda din\u00e1mica y cambio estructural"},"content":{"rendered":"[vc_row][vc_column][\/vc_column][\/vc_row][vc_row][vc_column][vc_column_text]\n<p><em>Mtra. M\u00f3nica Prats Robles<\/em><br \/><em>Jefa de \u00e1rea<\/em><\/p>\n\n<h2 class=\"wp-block-heading\"><span style=\"color: #33cccc;\"><strong>Presentaci\u00f3n<\/strong><\/span><\/h2>\n\n<p class=\"EstiloCuerpoTexto\" align=\"justify\">El \u00e1rea de investigaci\u00f3n estudia aspectos esenciales de las relaciones estructurales que inciden en diversas patolog\u00edas econ\u00f3micas de suma importancia, tanto en un plano te\u00f3rico como emp\u00edrico tales como: Eventos de Crisis, inflaci\u00f3n recesi\u00f3n, desempleo, atraso econ\u00f3mico y pobreza.<\/p>\n<p class=\"EstiloCuerpoTexto\" align=\"justify\">El estudio de los procesos de din\u00e1mica macroecon\u00f3mica se aborda de la manera m\u00e1s rigurosa, por ejemplo desde las teor\u00edas de los precios, el dinero y del capital. Se destaca un trabajo que inquiere sobre la naturaleza de esos comportamientos en su totalidad, a partir de la forma en que se articulan en lo agregado como estructuras sociales y econ\u00f3micas en su especificidad estructural.<\/p>\n<p class=\"EstiloCuerpoTexto\" style=\"text-align: justify;\" align=\"justify\">Se han privilegiado tres aspectos: Din\u00e1mica macroecon\u00f3mica, Econom\u00eda Ecol\u00f3gica y Desarrollo Econ\u00f3mico Social. Las perspectivas adoptadas apuntan a la apertura de campos que usualmente trabajan desde perspectivas muy cerradas en los enfoques disciplinarios. No obstante, de la misma forma se enfatiza un trabajo muy riguroso sobre los enfoques te\u00f3ricos de base, considerando su relevancia y limitaciones para su aplicaci\u00f3n en el an\u00e1lisis de problemas del cambio estructural y del desarrollo, con particular \u00e9nfasis en la econom\u00eda mexicana.<\/p>\n<h2 class=\"EstiloCuerpoTexto\" style=\"text-align: justify;\" align=\"justify\"><span style=\"color: #33cccc;\"><strong>L\u00edneas de investigaci\u00f3n del \u00e1rea<\/strong><\/span><\/h2>\n\n<ul class=\"wp-block-list\">\n<li style=\"text-align: justify;\"><strong>\u00a0Pol\u00edtica econ\u00f3mica y cambio estructural<\/strong><\/li>\n<\/ul>\n<p style=\"text-align: justify;\">Es contradictoria con la naturaleza evolutiva del capitalismo, al menos desde una visi\u00f3n schumpeteriana, que en buena medida permite una perspectiva cr\u00edtica de la evoluci\u00f3n de este sistema. En \u00e9sta, las fuerzas end\u00f3genas del capital destruyen las viejas estructuras para recrear nuevas capacidades de expansi\u00f3n y realizaci\u00f3n del objetivo central del capital, es decir, la ganancia, y con ello la valoraci\u00f3n del capital. Algunas de las teor\u00edas del crecimiento y las pol\u00edticas que de \u00e9stas se desprenden, est\u00e1n impregnadas de esta manera de ver las cosas. As\u00ed adquiere importancia la acumulaci\u00f3n de capital, la introducci\u00f3n de cambio tecnol\u00f3gico, el libre cambismo, la formaci\u00f3n de capacidades productivas y empresariales, y la productividad del trabajo<\/p>\n<ul style=\"text-align: justify;\">\n<li><strong>Desarrollo monetario y financiero de econom\u00edas atrasadas<\/strong><\/li>\n<\/ul>\n<p style=\"text-align: justify;\">El campo de trabajo de esta l\u00ednea est\u00e1 dirigido al an\u00e1lisis del referente te\u00f3rico b\u00e1sico se ubica en las diferentes obras de Marx, principalmente El Capital y los Grundrisse, reinterpretadas a partir de la dial\u00e9ctica sistem\u00e1tica. La reconstrucci\u00f3n del concepto de capital y sus formas de existencia en la superficie econ\u00f3mica (tasa de inter\u00e9s, ganancia empresarial, precio de t\u00edtulos y acciones, capital que devenga inter\u00e9s, capital ficticio, capital especulativo, dinero bancario, etc.) est\u00e1n en la base del marco conceptual que gu\u00eda la investigaci\u00f3n. Sin embargo, dado que una proporci\u00f3n considerable del proyecto consiste en una revisi\u00f3n cr\u00edtica de la macroeconom\u00eda ortodoxa y de la macroeconom\u00eda postkeynesiana se requiere trabajar al mismo tiempo con conceptos que den cuenta de estas escuelas del pensamiento; entre los elementos a considerar pueden citarse los siguientes: para la parte del modelo de equilibrio general y su condici\u00f3n de refractario a la moneda, la base vickselliana y el Nuevo Consenso Macroecon\u00f3mico; en cuanto a Keynes y el postkeynesianismo, el concepto de econom\u00eda monetaria de producci\u00f3n, el circuito monetario, los modelos flujo y stock, el principio de demanda efectiva, etc.<\/p>\n<ul>\n<li><strong>Mercado Laboral y sindicalismo<\/strong><\/li>\n<\/ul>\n<p style=\"text-align: justify;\">Se analiza la forma organizativa de los trabajadores para defender sus derechos se realizaba de manera relevante por los sindicatos: contratos colectivos, estabilidad, etc. Los conceptos para caracterizar el trabajo y empleo actual son diversos: precario, informal, vulnerable, no cl\u00e1sico, etc. En este contexto es necesario estudiar las formas organizativas de la producci\u00f3n, distribuci\u00f3n, el sector real y financiero de la econom\u00eda. Nos centraremos en estudiar lo relacionado con las transformaciones del trabajo tanto en M\u00e9xico como Am\u00e9rica Latina y analizaremos las formas organizativas de los trabajadores para defender sus derechos<\/p>\n<p>&nbsp;<\/p>\n<h2><span style=\"color: #33cccc;\"><strong>Integrantes<\/strong><\/span><\/h2>\n\n<ul class=\"wp-block-list\">\n<li><a href=\"http:\/\/dcsh.xoc.uam.mx\/prodecon\/index.php\/staff-member\/mtra-angeles-beas-oropeza\/\">Mtra. Mar\u00eda de los \u00c1ngeles Beas Oropeza<\/a><\/li>\n<li><a href=\"http:\/\/dcsh.xoc.uam.mx\/prodecon\/index.php\/staff-member\/dra-delia-patricia-couturier-banuelos\/\">Dra. Delia Patricia Couturier Ba\u00f1uelos<\/a><\/li>\n<li><a href=\"http:\/\/dcsh.xoc.uam.mx\/prodecon\/index.php\/staff-member\/dra-patricia-dorantes-hernandez\/\">Dra. Patricia Dorantes Hern\u00e1ndez<\/a><\/li>\n<li class=\"EstiloCuerpoTexto1\"><a href=\"http:\/\/dcsh.xoc.uam.mx\/prodecon\/index.php\/staff-member\/dra-abigail-roriguez-nava\/\">Dra. Abigail Rodr\u00edguez Nava<\/a><\/li>\n<li>Mtra. M\u00f3nica Prats Robles<\/li>\n<\/ul>\n[\/vc_column_text][\/vc_column][\/vc_row][vc_row][vc_column][vc_column_text]\n<p style=\"text-align: center;\">[\/vc_column_text][\/vc_column][\/vc_row]\n","protected":false},"excerpt":{"rendered":"<p>[vc_row][vc_column][\/vc_column][\/vc_row][vc_row][vc_column][vc_column_text] Mtra. M\u00f3nica Prats RoblesJefa de \u00e1rea Presentaci\u00f3n El \u00e1rea de investigaci\u00f3n estudia aspectos esenciales de las relaciones estructurales que inciden en diversas patolog\u00edas econ\u00f3micas de suma importancia, tanto en un plano te\u00f3rico como emp\u00edrico tales como: Eventos de Crisis,&hellip;<\/p>\n","protected":false},"author":1,"featured_media":0,"parent":0,"menu_order":0,"comment_status":"closed","ping_status":"closed","template":"","meta":{"footnotes":""},"class_list":["post-926","page","type-page","status-publish","hentry","entry","no-media"],"_links":{"self":[{"href":"https:\/\/dcsh.xoc.uam.mx\/prodecon\/index.php\/wp-json\/wp\/v2\/pages\/926","targetHints":{"allow":["GET"]}}],"collection":[{"href":"https:\/\/dcsh.xoc.uam.mx\/prodecon\/index.php\/wp-json\/wp\/v2\/pages"}],"about":[{"href":"https:\/\/dcsh.xoc.uam.mx\/prodecon\/index.php\/wp-json\/wp\/v2\/types\/page"}],"author":[{"embeddable":true,"href":"https:\/\/dcsh.xoc.uam.mx\/prodecon\/index.php\/wp-json\/wp\/v2\/users\/1"}],"replies":[{"embeddable":true,"href":"https:\/\/dcsh.xoc.uam.mx\/prodecon\/index.php\/wp-json\/wp\/v2\/comments?post=926"}],"version-history":[{"count":12,"href":"https:\/\/dcsh.xoc.uam.mx\/prodecon\/index.php\/wp-json\/wp\/v2\/pages\/926\/revisions"}],"predecessor-version":[{"id":12898,"href":"https:\/\/dcsh.xoc.uam.mx\/prodecon\/index.php\/wp-json\/wp\/v2\/pages\/926\/revisions\/12898"}],"wp:attachment":[{"href":"https:\/\/dcsh.xoc.uam.mx\/prodecon\/index.php\/wp-json\/wp\/v2\/media?parent=926"}],"curies":[{"name":"wp","href":"https:\/\/api.w.org\/{rel}","templated":true}]}}