{"id":8379,"date":"2021-09-03T20:03:21","date_gmt":"2021-09-03T20:03:21","guid":{"rendered":"http:\/\/dcsh.xoc.uam.mx\/prodecon\/?page_id=8379"},"modified":"2021-10-26T20:52:03","modified_gmt":"2021-10-26T20:52:03","slug":"programa-xxxv-congreso-de-investigacion-departamental","status":"publish","type":"page","link":"https:\/\/dcsh.xoc.uam.mx\/prodecon\/index.php\/programa-xxxv-congreso-de-investigacion-departamental\/","title":{"rendered":"Programa XXXV Congreso de Investigaci\u00f3n Departamental"},"content":{"rendered":"[vc_row][vc_column][vc_column_text]\n<h1 class=\"has-text-align-center wp-block-heading\"><span style=\"font-size: 28px;\"><strong>La pandemia persistente: debates desde la econom\u00eda y la gesti\u00f3n<\/strong><\/span><\/h1>\n[\/vc_column_text][vc_tta_tour color=&#8221;peacoc&#8221; active_section=&#8221;2&#8243; title=&#8221;Mi\u00e9rcoles 3 de noviembre de 2021&#8243;][vc_tta_section tab_id=&#8221;1604950941634-0e455517-a0a1&#8243; title=&#8221;Mesas tem\u00e1ticas del d\u00eda&#8221;][vc_cta h2=&#8221;&#8221; style=&#8221;outline&#8221; color=&#8221;blue&#8221;]\n<ol>\n<li>Nuevas relaciones de trabajo y salud laboral<\/li>\n<li>Cooperaci\u00f3n e integraci\u00f3n internacional<\/li>\n<li>Pol\u00edticas p\u00fablicas, alternativas y estrategias desde la diversidad de actores<\/li>\n<\/ol>\n<p>&nbsp;<\/p>\n<p>&nbsp;[\/vc_cta][\/vc_tta_section][vc_tta_section title=&#8221;Sala 1&#8243; tab_id=&#8221;1604942630888-cede2e3c-05d8&#8243;][vc_cta h2=&#8221;09:30 hrs. Inauguraci\u00f3n&#8221; style=&#8221;outline&#8221; color=&#8221;blue&#8221;]\n<p>Palabras de bienvenida Dra. Ang\u00e9lica Buend\u00eda Espinosa, Jefa de Departamento<\/p>\n<p>Palabras del Dr. Fernando De Le\u00f3n Gonz\u00e1lez, Rector de la Universidad Aut\u00f3noma Metropolitana Unidad Xochimilco<\/p>\n<p>Palabras de la Mtra. Mar\u00eda Dolly Esp\u00ednola Frausto, Directora de la Divisi\u00f3n de Ciencias Sociales y Humanidades de la UAM-Xochimilco<\/p>\n[\/vc_cta][vc_cta h2=&#8221;10:30 hrs. Conferencia magistral&#8221; style=&#8221;outline&#8221; color=&#8221;blue&#8221;]\u201cPandemia y pol\u00edtica fiscal en M\u00e9xico\u201d<\/p>\n<p>Dr. Juan Carlos Moreno Brid, Facultad de Econom\u00eda, Universidad Nacional Aut\u00f3noma de M\u00e9xico<\/p>\n<p>Moderadora: Dra. Ang\u00e9lica Buend\u00eda Espinosa[\/vc_cta][vc_cta h2=&#8221;12:00 hrs. Nuevas relaciones de trabajo y salud laboral&#8221; h4=&#8221;Moderador: Humberto Ontiveros&#8221; style=&#8221;outline&#8221; color=&#8221;blue&#8221; el_width=&#8221;xl&#8221;]<em>\u201cAn\u00e1lisis del empleo ante la COVID-19\u201d<\/em><br \/>\nGerardo Trejo, Manuel Garc\u00eda<\/p>\n<p><em>\u201cTrabajo precario en y m\u00e1s all\u00e1 de la pandemia covid19\u201d<\/em><br \/>\nJorge Ruiz<\/p>\n<p><em>\u201cTrayectorias familiares y sociolaborales en la construcci\u00f3n del sujeto empresarial\u201d<\/em><br \/>\nAlejandro Espinosa, Griselda Mart\u00ednez, Martha Silvia Galv\u00e1n<\/p>\n<p>Preguntas y debate[\/vc_cta][vc_cta h2=&#8221;R E C E S O&#8221; txt_align=&#8221;center&#8221; style=&#8221;outline&#8221; color=&#8221;blue&#8221;][\/vc_cta][vc_cta h2=&#8221;16:00 hrs. Nuevas relaciones de trabajo y salud laboral&#8221; h4=&#8221;Moderador: Federico Manch\u00f3n&#8221; style=&#8221;outline&#8221; color=&#8221;blue&#8221; el_width=&#8221;xl&#8221;]\n<p style=\"padding-left: 40px;\"><em>\u201cEl outsourcing laboral como caballo de troya en la econom\u00eda informal de M\u00e9xico: ampliaci\u00f3n y consecuencias en medio de la<\/em><br \/>\n<em>pandemia por SARS-COV-2\u201d<\/em><br \/>\nArmando Valle, Jaime Mu\u00f1oz<\/p>\n<p style=\"padding-left: 40px;\"><em>\u201cA tres a\u00f1os del gobierno de Andr\u00e9s Manuel L\u00f3pez Obrador: balance de la pol\u00edtica salarial<\/em><br \/>\n<em>y del empleo y su repercusi\u00f3n en la pobreza\u201d<\/em><br \/>\nSalvador Ferrer Ram\u00edrez<\/p>\n<p style=\"padding-left: 40px;\"><em>\u201cRenovaci\u00f3n del orden simb\u00f3lico del neoliberalismo en M\u00e9xico. El sexenio de AMLO (Parte II)\u201d<\/em><br \/>\nAgust\u00edn R. V\u00e1zquez Garc\u00eda<\/p>\n<p style=\"padding-left: 40px;\">Preguntas y debate<\/p>\n[\/vc_cta][\/vc_tta_section][vc_tta_section title=&#8221;Sala 2&#8243; tab_id=&#8221;1604946782741-be3a93dc-cdc0&#8243;][vc_cta h2=&#8221;12:00 hrs. Cooperaci\u00f3n e integraci\u00f3n internacional&#8221; h4=&#8221;Moderador: Jaime Mu\u00f1oz&#8221; style=&#8221;outline&#8221; color=&#8221;blue&#8221; el_width=&#8221;xl&#8221;]<em>\u201cLas remesas y la migraci\u00f3n como factor de salida de la crisis por COVID-19 en Am\u00e9rica Latina\u201d<\/em><br \/>\nFortino Vela, Concepci\u00f3n Monserrat L\u00f3pez<\/p>\n<p><em>\u201cImpacto econ\u00f3mico y pol\u00edticas p\u00fablicas en dos pa\u00edses de la Uni\u00f3n Europea: Francia y Espa\u00f1a\u201d<\/em><br \/>\nCuauht\u00e9moc P\u00e9rez, Beatriz Nadia P\u00e9rez<\/p>\n<p><em>\u201cLa UE frente a la pol\u00edtica de sanciones de EUA\u201d<\/em><br \/>\nFederico Manch\u00f3n<\/p>\n<p>Preguntas y debate[\/vc_cta][vc_cta h2=&#8221;R E C E S O&#8221; txt_align=&#8221;center&#8221; style=&#8221;outline&#8221; color=&#8221;blue&#8221;][\/vc_cta][vc_cta h2=&#8221;16:00 hrs. Cooperaci\u00f3n e integraci\u00f3n internacional&#8221; h4=&#8221;Moderador: Fortino Vela&#8221; style=&#8221;outline&#8221; color=&#8221;blue&#8221; el_width=&#8221;xl&#8221;]<em>\u201c2021: Primera gran crisis del capitalismo (chino)\u201d<\/em><br \/>\nJaime Mu\u00f1oz, Paola Briones<\/p>\n<p><em>\u201cEstrategias internacionales de relocalizaci\u00f3n y abastecimiento para enfrentar los problemas de suministro<\/em><br \/>\n<em>durante la COVID 19\u201d<\/em><br \/>\nMa. Antonia Correa Serrano<\/p>\n<p><em>\u201cLa recuperaci\u00f3n econ\u00f3mica mundial <\/em><em>ante la pandemia persistente\u201d<\/em><br \/>\nArmando Pineda Osnaya<\/p>\n<p><em>\u201cLa pandemia del COVID-19 y el futuro de la globalizaci\u00f3n\u201d<\/em><br \/>\nCarlos A. Rozo<\/p>\n<p>Preguntas y debate[\/vc_cta][\/vc_tta_section][vc_tta_section title=&#8221;Sala 3&#8243; tab_id=&#8221;1604946796015-65270c9f-6da6&#8243;][vc_cta h2=&#8221;12:00 hrs. Pol\u00edticas p\u00fablicas, alternativas y estrategias desde la diversidad de actores&#8221; h4=&#8221;Moderador: Jos\u00e9 de Jes\u00fas Guti\u00e9rrez&#8221; style=&#8221;outline&#8221; color=&#8221;blue&#8221; el_width=&#8221;xl&#8221;]<em>\u201cFintech. Evoluci\u00f3n de los servicios financieros en M\u00e9xico\u201d<\/em><br \/>\nSergio Sol\u00eds<\/p>\n<p><em>\u201cEducaci\u00f3n financiera para el ahorro voluntario con vista al retiro\u201d<\/em><br \/>\nYolanda Daniel<\/p>\n<p><em>\u201cPol\u00edtica monetaria en el contexto Post-COVID-19\u201d<\/em><br \/>\nAbigail Rodr\u00edguez, Patricia Dorantes<\/p>\n<p>Preguntas y debate[\/vc_cta][vc_cta h2=&#8221;R E C E S O&#8221; txt_align=&#8221;center&#8221; style=&#8221;outline&#8221; color=&#8221;blue&#8221;][\/vc_cta][vc_cta h2=&#8221;16:00 hrs. Pol\u00edticas p\u00fablicas, alternativas y estrategias desde la diversidad de actores&#8221; h4=&#8221;Moderadora: Graciela Carrillo&#8221; style=&#8221;outline&#8221; color=&#8221;blue&#8221; el_width=&#8221;xl&#8221;]<em>\u201cLa pandemia y los retos para la formulaci\u00f3n de la pol\u00edtica de CTI\u201d<\/em><br \/>\nGabriela Dutr\u00e9nit, Mart\u00edn Puchet, Jos\u00e9 Miguel<\/p>\n<p><em>Natera, Alexandre O. Vera-Cruz \u201cEvaluaci\u00f3n Preliminar del Programa de Est\u00edmulos a la Innovaci\u00f3n\u201d<\/em><br \/>\nJuan Manuel Corona, Carlos A. Hern\u00e1ndez<\/p>\n<p>Preguntas y debate[\/vc_cta][\/vc_tta_section][\/vc_tta_tour][vc_tta_tour color=&#8221;peacoc&#8221; active_section=&#8221;2&#8243; title=&#8221;Jueves 4 de noviembre de 2021&#8243;][vc_tta_section tab_id=&#8221;1604952818333-e2ec52c4-d5b3&#8243; title=&#8221;Mesas tem\u00e1ticas del d\u00eda&#8221;][vc_cta h2=&#8221;&#8221; style=&#8221;outline&#8221; color=&#8221;blue&#8221;]\n<ol>\n<li>Organizaciones, desempe\u00f1o, pr\u00e1cticas de gesti\u00f3n y cambio organizacional<\/li>\n<li>Econom\u00eda, desarrollo y medio ambiente<\/li>\n<li>Pobreza y desigualdad<\/li>\n<li>Econom\u00eda industrial, cambio tecnol\u00f3gico e innovaci\u00f3n<\/li>\n<\/ol>\n[\/vc_cta][\/vc_tta_section][vc_tta_section title=&#8221;Sala 1&#8243; tab_id=&#8221;1604947635076-97eeb91e-0caa&#8221;][vc_cta h2=&#8221;10:00 hrs.  Talleres de docencia para el trimestre 21-O&#8221; style=&#8221;outline&#8221; color=&#8221;blue&#8221;]\n<ul>\n<li>Coordinaci\u00f3n de la Licenciatura en Administraci\u00f3n<\/li>\n<li>Coordinaci\u00f3n de la Licenciatura en Econom\u00eda<\/li>\n<\/ul>\n[\/vc_cta][vc_cta h2=&#8221;12:00 hrs. Organizaciones, desempe\u00f1o, pr\u00e1cticas de gesti\u00f3n y cambio organizacional&#8221; h4=&#8221;Moderadora: Abril Acosta&#8221; style=&#8221;outline&#8221; color=&#8221;blue&#8221; el_width=&#8221;xl&#8221;]<em>\u201cBuenas pr\u00e1cticas administrativas generan organizaciones bien ordenadas\u201d<\/em><br \/>\nRicardo Jimeno, Dora Lety L\u00f3pez<\/p>\n<p><em>\u201cConformaci\u00f3n del entramado digital en la industria 4.0: De la relaci\u00f3n entre actores y artefactos\u201d<\/em><br \/>\nSalvador De Le\u00f3n, Laura Pe\u00f1alva, Ruth R\u00edos<\/p>\n<p><em>\u201cLa industria 4.0 y los nuevos modelos de negocio ante la pandemia\u201d<\/em><br \/>\nSilvia Pomar, Araceli Rend\u00f3n<\/p>\n<p>Preguntas y debate[\/vc_cta][vc_cta h2=&#8221;R E C E S O&#8221; txt_align=&#8221;center&#8221; style=&#8221;outline&#8221; color=&#8221;blue&#8221;][\/vc_cta][vc_cta h2=&#8221;16:00 hrs. Organizaciones, desempe\u00f1o, pr\u00e1cticas de gesti\u00f3n y cambio organizacional&#8221; h4=&#8221;Moderador: Angel Wilhelm V\u00e1zquez&#8221; style=&#8221;outline&#8221; color=&#8221;blue&#8221; el_width=&#8221;xl&#8221;]<em>\u201cDigitalizaci\u00f3n de las Mipymes como estrategia de supervivencia ante la pandemia del Covid-19\u201d<\/em><br \/>\nMargarita P\u00e9rez, Jorge Rouquette<\/p>\n<p><em> \u201cLa TAR como enfoque que permite interpretar el cambio organizacional\u201d<\/em><br \/>\nRicardo Jimeno, Dora Lety L\u00f3pez<\/p>\n<p><em>\u201cNivel de satisfacci\u00f3n de los compradores en l\u00ednea durante la pandemia de Covid-19, aplicando el enfoque agregado de la<\/em><br \/>\n<em>satisfacci\u00f3n\u201d<\/em><br \/>\nAna Ma. Paredes Arriaga, Luis Fernando Mu\u00f1oz, Cristina Vel\u00e1zquez<\/p>\n<p>Preguntas y debate[\/vc_cta][\/vc_tta_section][vc_tta_section title=&#8221;Sala 2&#8243; tab_id=&#8221;1604947635085-87c48d3b-a242&#8243;][vc_cta h2=&#8221;12:00 hrs. Econom\u00eda, desarrollo y medio ambiente&#8221; h4=&#8221;Moderadora: Ana Beatriz P\u00e9rez&#8221; style=&#8221;outline&#8221; color=&#8221;blue&#8221; el_width=&#8221;xl&#8221;]<em>\u201cN2 Salon: la Industria del Mueble para Salones de Belleza y la Crisis del Covid-19\u201d<\/em><br \/>\nAngel Wilhelm V\u00e1zquez, Graciela Carrillo, Sergio Sol\u00eds<\/p>\n<p><em>\u201cEcoinnovaci\u00f3n y retraso en la entrega de productos durante la pandemia. Estudio de caso\u201d<\/em><br \/>\nHilda Ram\u00edrez, Alfonso Torres<\/p>\n<p><em>\u201cBioeconom\u00eda y Econom\u00eda Circular. Alternativas en el Plano Local\u201d<\/em><br \/>\nGraciela Carrillo<\/p>\n<p>Preguntas y debate[\/vc_cta][vc_cta h2=&#8221;R E C E S O&#8221; txt_align=&#8221;center&#8221; style=&#8221;outline&#8221; color=&#8221;blue&#8221;][\/vc_cta][vc_cta h2=&#8221;16:00 hrs. Econom\u00eda, desarrollo y medio ambiente&#8221; h4=&#8221;Moderador: Gisela Espinosa&#8221; style=&#8221;outline&#8221; color=&#8221;blue&#8221; el_width=&#8221;xl&#8221;]<em>\u201cConsideraciones en torno a la sostenibilidad del desarrollo en la era de la COVID-19 en M\u00e9xico\u201d<\/em><br \/>\nRoberto M. Constantino<\/p>\n<p><em>\u201cLa crisis reciente y la sustentabilidad de los modelos contempor\u00e1neos de desarrollo: \u00bfde una crisis a otra?\u201d<\/em><br \/>\nCarlos Mu\u00f1oz<\/p>\n<p><em>\u201cEl Ma\u00edz: Ra\u00edz de la construcci\u00f3n de las Nuevas Sociedades en M\u00e9xico\u201d<\/em><br \/>\nDavid Barkin<\/p>\n<p><em>\u201cExtracci\u00f3n del gas Shale y litio en M\u00e9xico: \u00bfSalida a la crisis econ\u00f3mica agudizada con el Covid-19?\u201d<\/em><br \/>\nVioleta N\u00fa\u00f1ez<\/p>\n<p>Preguntas y debate[\/vc_cta][\/vc_tta_section][vc_tta_section title=&#8221;Sala 3&#8243; tab_id=&#8221;1604947635089-960a95fb-975a&#8221;][vc_cta h2=&#8221;12:00 hrs. Pobreza y desigualdad&#8221; h4=&#8221;Moderador: Manuel Soria&#8221; style=&#8221;outline&#8221; color=&#8221;blue&#8221; el_width=&#8221;xl&#8221;]<em>\u201cContracorriente o navegaci\u00f3n sin br\u00fajula\u201d<\/em><br \/>\nEnrique Contreras<\/p>\n<p><em>\u201cLos determinantes de la seguridad alimentaria en los hogares de las zonas urbanas de M\u00e9xico. Un modelo Logit para el a\u00f1o 2016-2020\u201d<\/em><br \/>\nDiana Karen Ramos, Manuel Garc\u00eda<\/p>\n<p>Preguntas y debate[\/vc_cta][vc_cta h2=&#8221;R E C E S O&#8221; txt_align=&#8221;center&#8221; style=&#8221;outline&#8221; color=&#8221;blue&#8221;][\/vc_cta][vc_cta h2=&#8221;16:00 hrs. Econom\u00eda industrial, cambio tecnol\u00f3gico e innovaci\u00f3n&#8221; h4=&#8221;Moderadora: Abigail Rodr\u00edguez&#8221; style=&#8221;outline&#8221; color=&#8221;blue&#8221; el_width=&#8221;xl&#8221;]<em>\u201cRecombinaci\u00f3n en la Actividad inventiva y Complejidad de los veh\u00edculos de energ\u00eda alternativa: El caso de las bater\u00edas de plomo-<\/em><br \/>\n<em>acido. (1980-2020)\u201d<\/em><br \/>\nArturo Lara, Guadalupe Jaimes, Artemio Ch\u00e1vez<\/p>\n<p><em>\u201cProducci\u00f3n de Conocimientos para atender la pandemia de COVID 19: una aproximaci\u00f3n a las capacidades cient\u00edficas del Instituto Nacional de<\/em><br \/>\n<em>Enfermedades Respiratorias de M\u00e9xico\u201d<\/em><br \/>\nArturo Torres, Javier Jasso<\/p>\n<p><em>\u201cConocimiento basado en investigaci\u00f3n para colaborar a la soluci\u00f3n de problemas de salud: una propuesta metodol\u00f3gica basada en las<\/em><br \/>\n<em>distancias\u201d<\/em><br \/>\nJos\u00e9 Miguel Natera, Soledad Rojas-Rajs y Arturo Torres<\/p>\n<p><em>\u201cExploraci\u00f3n de la movilidad de inventores en Am\u00e9rica Latina 1976-2016\u201d<\/em><br \/>\nClaudia D\u00edaz, Jaime Aboites<\/p>\n<p>Preguntas y debate[\/vc_cta][\/vc_tta_section][\/vc_tta_tour][vc_tta_tour color=&#8221;peacoc&#8221; active_section=&#8221;3&#8243; title=&#8221;Viernes 5 de noviembre de 2021&#8243;][vc_tta_section tab_id=&#8221;1604950961423-9721fbe7-5072&#8243; title=&#8221;Mesas tem\u00e1ticas del d\u00eda&#8221;][vc_cta h2=&#8221;&#8221; style=&#8221;outline&#8221; color=&#8221;blue&#8221;]\n<ol>\n<li>Econom\u00eda, desarrollo y medio ambiente<\/li>\n<li>Econom\u00eda industrial, cambio tecnol\u00f3gico e innovaci\u00f3n<\/li>\n<li>Sistemas complejos<\/li>\n<li>Plenaria<\/li>\n<\/ol>\n<p>&nbsp;[\/vc_cta][\/vc_tta_section][vc_tta_section title=&#8221;Sala 1&#8243; tab_id=&#8221;1604950961426-83a25c8a-369c&#8221;][vc_cta h2=&#8221;10:00 hrs. Econom\u00eda, desarrollo y medio ambiente&#8221; h4=&#8221;Moderadora: Aleida Azamar Alonso&#8221; style=&#8221;outline&#8221; color=&#8221;blue&#8221;]<em>\u201cPercepci\u00f3n de la problem\u00e1tica de la basura en la CDMX\u201d <\/em><br \/>\nBetzabeth Ram\u00edrez, Manuel Soria<\/p>\n<p><em>\u201cPandemia, neodesarrollismo y megaproyectos en el sureste mexicano\u201d <\/em><br \/>\nCarlos A. Rodr\u00edguez<\/p>\n<p><em>\u201cTemacapul\u00edn: entre la privatizaci\u00f3n y la gesti\u00f3n integral del agua\u201d <\/em><br \/>\nGisela Espinosa<\/p>\n<p><em>\u201cSan Mateo del Mar y Los filtros del Covid; historia de un ajusticiamiento anunciado, derivado de un rosario de agravios\u201d <\/em><br \/>\nRoberto S. Diego<\/p>\n<p><em>\u201cLa (in) acci\u00f3n pol\u00edtica latinoamericana ante la emergencia sanitaria del Covid-19\u201d <\/em><br \/>\nAleida Azamar Alonso<\/p>\n<p>Preguntas y debate[\/vc_cta][vc_cta h2=&#8221;12:00 hrs. Plenaria&#8221; style=&#8221;outline&#8221; color=&#8221;blue&#8221;]<em>\u201cLa investigaci\u00f3n en el Departamento de Producci\u00f3n Econ\u00f3mica: valoraci\u00f3n, logros y desaf\u00edos\u201d<\/em><br \/>\nClaudia D\u00edaz, Ang\u00e9lica Buend\u00eda<\/p>\n<ul>\n<li>Clausura<\/li>\n<\/ul>\n<p>&nbsp;[\/vc_cta][\/vc_tta_section][vc_tta_section title=&#8221;Sala 2&#8243; tab_id=&#8221;1604950961445-08d4263c-1bc8&#8243;][vc_cta h2=&#8221;10:00 hrs. Econom\u00eda industrial, cambio tecnol\u00f3gico e innovaci\u00f3n&#8221; h4=&#8221;Moderadora: Gabriela Dutr\u00e9nit&#8221; style=&#8221;outline&#8221; color=&#8221;blue&#8221; el_width=&#8221;xl&#8221;]<em>\u201cAvatares de un proceso de cooperaci\u00f3n acad\u00e9mica internacional de largo aliento en el campo de la Administraci\u00f3n\u201d <\/em><br \/>\nMartha Fern\u00e1ndez, Graciela Carrillo<\/p>\n<p><em>\u201cEducaci\u00f3n inclusiva y accesibilidad para las alumnas(os) con discapacidad en la educaci\u00f3n superior en el contexto del Covid 19\u201d <\/em><br \/>\nRoxana Mu\u00f1oz<\/p>\n<p><em>\u201cTransformaci\u00f3n digital en el contexto de la pandemia: efectos en la interacci\u00f3n entre la industria, las instituciones educativas y el gobierno\u201d <\/em><br \/>\nAna Beatriz P\u00e9rez<\/p>\n<p><em>\u201cEl papel de las Instituciones de Educaci\u00f3n Superior en la formaci\u00f3n de emprendedores: una propuesta de modelo para su evaluaci\u00f3n\u201d <\/em><br \/>\nCristina P\u00e9rez, Ren\u00e9 Rivera, Abril Acosta<\/p>\n<p>Preguntas y debate[\/vc_cta][\/vc_tta_section][vc_tta_section title=&#8221;Sala 3&#8243; tab_id=&#8221;1604950961451-c74cd89e-1adf&#8221;][vc_cta h2=&#8221;10:00 hrs. Sistemas complejos&#8221; h4=&#8221;Moderador: Salvador Ferrer&#8221; style=&#8221;outline&#8221; color=&#8221;blue&#8221; el_width=&#8221;xl&#8221;]<em>\u201cExposici\u00f3n de los modelos log\u00edstico y de discriminante, y una aplicaci\u00f3n para poblaci\u00f3n en edad escolar en M\u00e9xico que abandon\u00f3 los estudios por causa del COVID-19\u201d<\/em><br \/>\nJos\u00e9 de Jes\u00fas Guti\u00e9rrez<\/p>\n<p><em>\u201cLa econom\u00eda entre la econom\u00eda de la complejidad y la econom\u00eda computacional basada en agentes\u201d <\/em><br \/>\nRaymundo Vite Crist\u00f3bal<\/p>\n<p><em>\u201cLa modelaci\u00f3n de las epidemias: modelos deterministas y estoc\u00e1sticos\u201d <\/em><br \/>\nIsabel Quintas<\/p>\n<p><em>\u201cLas exportaciones mexicanas ante la COVID-19: un enfoque de redes complejas 2019 y 2020\u201d <\/em><br \/>\nRaymundo Vite Crist\u00f3bal, Irene S\u00e1nchez Guevara<\/p>\n<p>Preguntas y debate[\/vc_cta][\/vc_tta_section][\/vc_tta_tour][\/vc_column][\/vc_row]\n","protected":false},"excerpt":{"rendered":"<p>[vc_row][vc_column][vc_column_text] La pandemia persistente: debates desde la econom\u00eda y la gesti\u00f3n [\/vc_column_text][vc_tta_tour color=&#8221;peacoc&#8221; active_section=&#8221;2&#8243; title=&#8221;Mi\u00e9rcoles 3 de noviembre de 2021&#8243;][vc_tta_section tab_id=&#8221;1604950941634-0e455517-a0a1&#8243; title=&#8221;Mesas tem\u00e1ticas del d\u00eda&#8221;][vc_cta h2=&#8221;&#8221; style=&#8221;outline&#8221; color=&#8221;blue&#8221;] Nuevas relaciones de trabajo y salud laboral Cooperaci\u00f3n e integraci\u00f3n internacional Pol\u00edticas&hellip;<\/p>\n","protected":false},"author":1,"featured_media":0,"parent":0,"menu_order":0,"comment_status":"closed","ping_status":"closed","template":"templates\/no-sidebar.php","meta":{"footnotes":""},"class_list":["post-8379","page","type-page","status-publish","hentry","entry","no-media"],"_links":{"self":[{"href":"https:\/\/dcsh.xoc.uam.mx\/prodecon\/index.php\/wp-json\/wp\/v2\/pages\/8379","targetHints":{"allow":["GET"]}}],"collection":[{"href":"https:\/\/dcsh.xoc.uam.mx\/prodecon\/index.php\/wp-json\/wp\/v2\/pages"}],"about":[{"href":"https:\/\/dcsh.xoc.uam.mx\/prodecon\/index.php\/wp-json\/wp\/v2\/types\/page"}],"author":[{"embeddable":true,"href":"https:\/\/dcsh.xoc.uam.mx\/prodecon\/index.php\/wp-json\/wp\/v2\/users\/1"}],"replies":[{"embeddable":true,"href":"https:\/\/dcsh.xoc.uam.mx\/prodecon\/index.php\/wp-json\/wp\/v2\/comments?post=8379"}],"version-history":[{"count":8,"href":"https:\/\/dcsh.xoc.uam.mx\/prodecon\/index.php\/wp-json\/wp\/v2\/pages\/8379\/revisions"}],"predecessor-version":[{"id":8806,"href":"https:\/\/dcsh.xoc.uam.mx\/prodecon\/index.php\/wp-json\/wp\/v2\/pages\/8379\/revisions\/8806"}],"wp:attachment":[{"href":"https:\/\/dcsh.xoc.uam.mx\/prodecon\/index.php\/wp-json\/wp\/v2\/media?parent=8379"}],"curies":[{"name":"wp","href":"https:\/\/api.w.org\/{rel}","templated":true}]}}