{"id":6805,"date":"2021-01-18T18:51:54","date_gmt":"2021-01-18T18:51:54","guid":{"rendered":"http:\/\/dcsh.xoc.uam.mx\/prodecon\/?page_id=6805"},"modified":"2023-08-25T20:39:08","modified_gmt":"2023-08-25T20:39:08","slug":"congreso_dpe_historico","status":"publish","type":"page","link":"https:\/\/dcsh.xoc.uam.mx\/prodecon\/index.php\/congreso_dpe_historico\/","title":{"rendered":"Congreso de Investigaci\u00f3n Departamental-hist\u00f3rico"},"content":{"rendered":"[vc_row][vc_column][vc_column_text]\n<h1 class=\"has-text-align-center wp-block-heading\">Hist\u00f3rico<br \/>\n<\/h1>\n[\/vc_column_text][vc_separator style=&#8221;shadow&#8221;][\/vc_column][\/vc_row][vc_row][vc_column width=&#8221;1\/4&#8243;][vc_icon icon_fontawesome=&#8221;far fa-copy&#8221; color=&#8221;peacoc&#8221; background_style=&#8221;rounded&#8221; size=&#8221;lg&#8221; align=&#8221;center&#8221; css_animation=&#8221;flipInX&#8221; link=&#8221;target:_blank&#8221;][\/vc_column][vc_column width=&#8221;3\/4&#8243;][vc_column_text]\n<p><a href=\"http:\/\/dcsh.xoc.uam.mx\/prodecon\/index.php\/xxxvi-congreso-2022\/\"><span style=\"color: #296199;\"><strong>XXXVI Congreso de Investigaci\u00f3n Departamental<\/strong><\/span><\/a><\/p>\n<p>&#8220;Las m\u00faltiples crisis post-pandemia. Reconfiguraci\u00f3n, cambios y retos&#8221;.<br \/>Del 3 al 5 de noviembre de 2022.<\/p>\n<p><a href=\"http:\/\/dcsh.xoc.uam.mx\/prodecon\/wp-content\/uploads\/2022\/08\/CONVOCATORIA-CONGRESO-DPE-2022.pdf\">Convocatoria<\/a><br \/><a href=\"http:\/\/dcsh.xoc.uam.mx\/prodecon\/wp-content\/uploads\/2023\/02\/XXXVI-Congreso-de-Investigacion-Departamental-DPE_programa-1.pdf\">Programa<\/a><br \/><a href=\"http:\/\/dcsh.xoc.uam.mx\/prodecon\/index.php\/xxxvi-congreso-2022-presentaciones\/\">Presentaciones<\/a><br \/><a href=\"http:\/\/dcsh.xoc.uam.mx\/prodecon\/index.php\/xxxvi-congreso-constancias\/\">Constancias<\/a><br \/><a href=\"http:\/\/dcsh.xoc.uam.mx\/prodecon\/index.php\/xxxvi-congreso-2022-videos\/\">Video<\/a><br \/><a href=\"http:\/\/dcsh.xoc.uam.mx\/prodecon\/index.php\/xxxvi-congreso-2022-galeria\/\">Galer\u00eda<\/a><\/p>\n[\/vc_column_text][\/vc_column][\/vc_row][vc_row][vc_column][vc_separator color=&#8221;mulled_wine&#8221; style=&#8221;shadow&#8221; border_width=&#8221;2&#8243;][\/vc_column][\/vc_row][vc_row][vc_column width=&#8221;1\/4&#8243;][vc_icon icon_fontawesome=&#8221;far fa-copy&#8221; color=&#8221;peacoc&#8221; background_style=&#8221;rounded&#8221; size=&#8221;lg&#8221; align=&#8221;center&#8221; css_animation=&#8221;flipInX&#8221; link=&#8221;target:_blank&#8221;][\/vc_column][vc_column width=&#8221;3\/4&#8243;][vc_column_text]<span style=\"color: #296199;\"><strong>XXXV Congreso de Investigaci\u00f3n Departamental<\/strong><\/span><\/p>\n<p>&#8220;La pandemia persistente: Debates desde la econom\u00eda y la gesti\u00f3n&#8221;.<br \/>\nDel 3 al 5 de noviembre de 2021.<\/p>\n<p><a href=\"http:\/\/dcsh.xoc.uam.mx\/prodecon\/wp-content\/uploads\/2021\/08\/Convocatoria-CDI-2021.jpg\" target=\"_blank\" rel=\"noopener\">Convocatoria<\/a><br \/>\n<a href=\"http:\/\/dcsh.xoc.uam.mx\/prodecon\/wp-content\/uploads\/2023\/02\/XXXV-Congreso-de-Investigacion-Departamental-2021_programa_vf.pdf\" target=\"_blank\" rel=\"noopener\">Programa<\/a><br \/>\n<a href=\"http:\/\/dcsh.xoc.uam.mx\/prodecon\/index.php\/constancias-xxxv-congreso-de-investigacion-departamental\/\">Constancias<\/a>[\/vc_column_text][\/vc_column][\/vc_row][vc_row][vc_column][vc_separator color=&#8221;mulled_wine&#8221; style=&#8221;shadow&#8221; border_width=&#8221;2&#8243;][\/vc_column][\/vc_row][vc_row][vc_column width=&#8221;1\/4&#8243;][vc_icon icon_fontawesome=&#8221;far fa-copy&#8221; color=&#8221;peacoc&#8221; background_style=&#8221;rounded&#8221; size=&#8221;lg&#8221; align=&#8221;center&#8221; css_animation=&#8221;flipInX&#8221; link=&#8221;url:http%3A%2F%2Fdcsh.xoc.uam.mx%2Fprodecon%2Fwp-content%2Fuploads%2F2021%2F01%2FCDI_2019.pdf|target:_blank&#8221;][\/vc_column][vc_column width=&#8221;3\/4&#8243;][vc_column_text]<span style=\"color: #296199;\"><strong>XXXIV Congreso de Investigaci\u00f3n Departamental<\/strong><\/span><\/p>\n<p>&#8220;La crisis COVID-19: miradas desde la econom\u00eda y la gesti\u00f3n&#8221;.<br \/>\nDel 24 al 26 de noviembre de 2020.<\/p>\n<p><a href=\"http:\/\/dcsh.xoc.uam.mx\/prodecon\/wp-content\/uploads\/2020\/11\/Convocatoria-CDI-2020_vf-769x1024-1.jpg\">Convocatoria<\/a><br \/>\n<a href=\"http:\/\/dcsh.xoc.uam.mx\/prodecon\/index.php\/xxxiv-cid-programa\/\">Programa<\/a><br \/>\n<a href=\"http:\/\/dcsh.xoc.uam.mx\/prodecon\/index.php\/xxxiv-congreso-presentaciones\/\">Presentaciones<\/a><br \/>\n<a href=\"http:\/\/dcsh.xoc.uam.mx\/prodecon\/index.php\/xxxiv-cid-constancias\/\">Constancias<\/a><br \/>\n<a href=\"http:\/\/dcsh.xoc.uam.mx\/prodecon\/index.php\/xxxiv-cid-galeria\/\">Galer\u00eda<\/a>[\/vc_column_text][\/vc_column][\/vc_row][vc_row][vc_column][vc_separator color=&#8221;mulled_wine&#8221; style=&#8221;shadow&#8221; border_width=&#8221;2&#8243;][\/vc_column][\/vc_row][vc_row][vc_column width=&#8221;1\/4&#8243;][vc_icon icon_fontawesome=&#8221;far fa-copy&#8221; color=&#8221;peacoc&#8221; background_style=&#8221;rounded&#8221; size=&#8221;lg&#8221; align=&#8221;center&#8221; css_animation=&#8221;flipInX&#8221; link=&#8221;url:http%3A%2F%2Fdcsh.xoc.uam.mx%2Fprodecon%2Fwp-content%2Fuploads%2F2021%2F01%2FCDI_2019.pdf|target:_blank&#8221;][\/vc_column][vc_column width=&#8221;3\/4&#8243;][vc_column_text]<span style=\"color: #296199;\"><strong>XXXIII Congreso de Investigaci\u00f3n Departamental<\/strong><\/span><\/p>\n<p>&#8220;Plan Nacional de Desarrollo. Retos para la construcci\u00f3n de pol\u00edticas de Estado&#8221;.<br \/>\nDel 4 al 6 de septiembre de 2019.[\/vc_column_text][\/vc_column][\/vc_row][vc_row][vc_column][vc_separator color=&#8221;mulled_wine&#8221; style=&#8221;shadow&#8221; border_width=&#8221;2&#8243;][\/vc_column][\/vc_row][vc_row][vc_column width=&#8221;1\/4&#8243;][vc_icon icon_fontawesome=&#8221;far fa-copy&#8221; color=&#8221;peacoc&#8221; background_style=&#8221;rounded&#8221; size=&#8221;lg&#8221; align=&#8221;center&#8221; css_animation=&#8221;flipInX&#8221; link=&#8221;url:http%3A%2F%2Fdcsh.xoc.uam.mx%2Fprodecon%2Fwp-content%2Fuploads%2F2021%2F01%2FCDI_2018.pdf|target:_blank&#8221;][\/vc_column][vc_column width=&#8221;3\/4&#8243;][vc_column_text]<span style=\"color: #296199;\"><strong>XXXII Congreso de Investigaci\u00f3n Departamental<\/strong><\/span><\/p>\n<p>&#8220;Plan Nacional de Desarrollo y Pol\u00edticas P\u00fablicas 2012-2018: Evaluaci\u00f3n y propuestas para el futuro&#8221;.<br \/>\nDel 25 al 27 de octubre de 2018.[\/vc_column_text][\/vc_column][\/vc_row][vc_row][vc_column][vc_separator color=&#8221;mulled_wine&#8221; style=&#8221;shadow&#8221; border_width=&#8221;2&#8243;][\/vc_column][\/vc_row][vc_row][vc_column width=&#8221;1\/4&#8243;][vc_icon icon_fontawesome=&#8221;far fa-copy&#8221; color=&#8221;peacoc&#8221; background_style=&#8221;rounded&#8221; size=&#8221;lg&#8221; align=&#8221;center&#8221; css_animation=&#8221;flipInX&#8221; link=&#8221;url:http%3A%2F%2Fdcsh.xoc.uam.mx%2Fprodecon%2Fwp-content%2Fuploads%2F2021%2F01%2FCDI_2017.pdf|target:_blank&#8221;][\/vc_column][vc_column width=&#8221;3\/4&#8243;][vc_column_text]<span style=\"color: #296199;\"><strong>XXXI Congreso de Investigaci\u00f3n Departamental<\/strong><\/span><\/p>\n<p>&#8220;Pol\u00edticas p\u00fablicas, desarrollo sustentable y estancamiento&#8221;.<br \/>\nDel 7 al 9 de septiembre de 2017.[\/vc_column_text][\/vc_column][\/vc_row][vc_row][vc_column][vc_separator color=&#8221;mulled_wine&#8221; style=&#8221;shadow&#8221; border_width=&#8221;2&#8243;][\/vc_column][\/vc_row][vc_row][vc_column width=&#8221;1\/4&#8243;][vc_icon icon_fontawesome=&#8221;far fa-copy&#8221; color=&#8221;peacoc&#8221; background_style=&#8221;rounded&#8221; size=&#8221;lg&#8221; align=&#8221;center&#8221; link=&#8221;url:http%3A%2F%2Fdcsh.xoc.uam.mx%2Fprodecon%2Fwp-content%2Fuploads%2F2021%2F01%2FCDI_2016.pdf|target:_blank&#8221;][\/vc_column][vc_column width=&#8221;3\/4&#8243;][vc_column_text]<span style=\"color: #296199;\"><strong>XXX Congreso de Investigaci\u00f3n Departamental<\/strong><\/span><\/p>\n<p>&#8220;Desigualdad y pobreza&#8221;<br \/>\nDel 13 al 15 de octubre de 2016.[\/vc_column_text][\/vc_column][\/vc_row][vc_row][vc_column][vc_separator color=&#8221;mulled_wine&#8221; style=&#8221;shadow&#8221; border_width=&#8221;2&#8243;][\/vc_column][\/vc_row][vc_row][vc_column width=&#8221;1\/4&#8243;][vc_icon icon_fontawesome=&#8221;far fa-copy&#8221; color=&#8221;peacoc&#8221; background_style=&#8221;rounded&#8221; size=&#8221;lg&#8221; align=&#8221;center&#8221; css_animation=&#8221;flipInX&#8221; link=&#8221;url:http%3A%2F%2Fdcsh.xoc.uam.mx%2Fprodecon%2Fwp-content%2Fuploads%2F2021%2F01%2FCDI_2015.pdf|target:_blank&#8221;][\/vc_column][vc_column width=&#8221;3\/4&#8243;][vc_column_text]<span style=\"color: #296199;\"><strong>XXIX Congreso de Investigaci\u00f3n Departamental<\/strong><\/span><\/p>\n<p>&#8220;Sociedad, desarrollo y pol\u00edticas p\u00fablicas&#8221;.<br \/>\nDel 7 al 9 de septiembre de 2015.[\/vc_column_text][\/vc_column][\/vc_row][vc_row][vc_column][vc_separator color=&#8221;mulled_wine&#8221; style=&#8221;shadow&#8221; border_width=&#8221;2&#8243;][\/vc_column][\/vc_row][vc_row][vc_column width=&#8221;1\/4&#8243;][vc_icon icon_fontawesome=&#8221;far fa-copy&#8221; color=&#8221;peacoc&#8221; background_style=&#8221;rounded&#8221; size=&#8221;lg&#8221; align=&#8221;center&#8221; css_animation=&#8221;flipInX&#8221; link=&#8221;url:http%3A%2F%2Fdcsh.xoc.uam.mx%2Fprodecon%2Fwp-content%2Fuploads%2F2021%2F01%2FCDI_2014.pdf|target:_blank&#8221;][\/vc_column][vc_column width=&#8221;3\/4&#8243;][vc_column_text]<span style=\"color: #296199;\"><strong>XXVIII Congreso de Investigaci\u00f3n Departamental<\/strong><\/span><\/p>\n<p>&#8220;Desarrollo sustentable&#8221;.<br \/>\nDel 3 al 5 de septiembre de 2014.[\/vc_column_text][\/vc_column][\/vc_row][vc_row][vc_column][vc_separator color=&#8221;mulled_wine&#8221; style=&#8221;shadow&#8221; border_width=&#8221;2&#8243;][\/vc_column][\/vc_row][vc_row][vc_column width=&#8221;1\/4&#8243;][vc_icon icon_fontawesome=&#8221;far fa-copy&#8221; color=&#8221;peacoc&#8221; background_style=&#8221;rounded&#8221; size=&#8221;lg&#8221; align=&#8221;center&#8221; css_animation=&#8221;flipInX&#8221; link=&#8221;url:http%3A%2F%2Fdcsh.xoc.uam.mx%2Fprodecon%2Fwp-content%2Fuploads%2F2021%2F01%2FCDI_2013.pdf|target:_blank&#8221;][\/vc_column][vc_column width=&#8221;3\/4&#8243;][vc_column_text]<span style=\"color: #296199;\"><strong>XXVII Congreso de Investigaci\u00f3n Departamental<\/strong><\/span><\/p>\n<p>Del 19 al 21 de septiembre de 2013.[\/vc_column_text][\/vc_column][\/vc_row][vc_row][vc_column][vc_separator color=&#8221;mulled_wine&#8221; style=&#8221;shadow&#8221; border_width=&#8221;2&#8243;][\/vc_column][\/vc_row][vc_row][vc_column width=&#8221;1\/4&#8243;][vc_icon icon_fontawesome=&#8221;far fa-copy&#8221; color=&#8221;peacoc&#8221; background_style=&#8221;rounded&#8221; size=&#8221;lg&#8221; align=&#8221;center&#8221; css_animation=&#8221;flipInX&#8221; link=&#8221;url:http%3A%2F%2Fdcsh.xoc.uam.mx%2Fprodecon%2Fwp-content%2Fuploads%2F2021%2F01%2FCDI_2012.pdf|target:_blank&#8221;][\/vc_column][vc_column width=&#8221;3\/4&#8243;][vc_column_text]<span style=\"color: #296199;\"><strong>XXVI Congreso de Investigaci\u00f3n Departamental<\/strong><\/span><\/p>\n<p>Del 14 al 16 de junio de 2012.[\/vc_column_text][\/vc_column][\/vc_row][vc_row][vc_column][vc_separator color=&#8221;mulled_wine&#8221; style=&#8221;shadow&#8221; border_width=&#8221;2&#8243;][\/vc_column][\/vc_row][vc_row][vc_column width=&#8221;1\/4&#8243;][vc_icon icon_fontawesome=&#8221;far fa-copy&#8221; color=&#8221;peacoc&#8221; background_style=&#8221;rounded&#8221; size=&#8221;lg&#8221; align=&#8221;center&#8221; css_animation=&#8221;flipInX&#8221; link=&#8221;url:http%3A%2F%2Fdcsh.xoc.uam.mx%2Fprodecon%2Fwp-content%2Fuploads%2F2021%2F01%2FCDI_2011.pdf|target:_blank&#8221;][\/vc_column][vc_column width=&#8221;3\/4&#8243;][vc_column_text]<strong><span style=\"color: #296199;\">XXV Congreso de Investigaci\u00f3n Departamental<\/span><\/strong><\/p>\n<p>Del 12 al 14 de septiembre de 2011.[\/vc_column_text][\/vc_column][\/vc_row][vc_row][vc_column][vc_separator color=&#8221;mulled_wine&#8221; style=&#8221;shadow&#8221; border_width=&#8221;2&#8243;][\/vc_column][\/vc_row][vc_row][vc_column width=&#8221;1\/4&#8243;][vc_icon icon_fontawesome=&#8221;far fa-copy&#8221; color=&#8221;peacoc&#8221; background_style=&#8221;rounded&#8221; size=&#8221;lg&#8221; align=&#8221;center&#8221; link=&#8221;url:http%3A%2F%2Fdcsh.xoc.uam.mx%2Fprodecon%2Fwp-content%2Fuploads%2F2021%2F01%2FCDI_2010.pdf|target:_blank&#8221;][\/vc_column][vc_column width=&#8221;3\/4&#8243;][vc_column_text]<strong><span style=\"color: #296199;\">XXIV Congreso de Investigaci\u00f3n Departamental<\/span><\/strong><\/p>\n<p>Del 8 al 11 de noviembre de 2010.[\/vc_column_text][\/vc_column][\/vc_row][vc_row][vc_column][vc_separator color=&#8221;mulled_wine&#8221; style=&#8221;shadow&#8221; border_width=&#8221;2&#8243;][\/vc_column][\/vc_row][vc_row][vc_column width=&#8221;1\/4&#8243;][vc_icon icon_fontawesome=&#8221;far fa-copy&#8221; color=&#8221;peacoc&#8221; background_style=&#8221;rounded&#8221; size=&#8221;lg&#8221; align=&#8221;center&#8221; link=&#8221;url:http%3A%2F%2Fdcsh.xoc.uam.mx%2Fprodecon%2Fwp-content%2Fuploads%2F2021%2F03%2FCDI_2009.pdf|target:_blank&#8221;][\/vc_column][vc_column width=&#8221;3\/4&#8243;][vc_column_text]<strong><span style=\"color: #296199;\">XXIII Congreso de Investigaci\u00f3n Departamental<\/span><\/strong><\/p>\n<p>Del 8 al 10 de octubre de 2009.[\/vc_column_text][\/vc_column][\/vc_row][vc_row][vc_column][vc_separator color=&#8221;mulled_wine&#8221; style=&#8221;shadow&#8221; border_width=&#8221;2&#8243;][\/vc_column][\/vc_row][vc_row][vc_column width=&#8221;1\/4&#8243;][vc_icon icon_fontawesome=&#8221;far fa-copy&#8221; color=&#8221;peacoc&#8221; background_style=&#8221;rounded&#8221; size=&#8221;lg&#8221; align=&#8221;center&#8221; link=&#8221;url:http%3A%2F%2Fdcsh.xoc.uam.mx%2Fprodecon%2Fwp-content%2Fuploads%2F2021%2F03%2FCDI_2008.pdf|target:_blank&#8221;][\/vc_column][vc_column width=&#8221;3\/4&#8243;][vc_column_text]<strong><span style=\"color: #296199;\">XXII Congreso de Investigaci\u00f3n Departamental<\/span><\/strong><\/p>\n<p>Del 6 al 8 de noviembre de 2008.[\/vc_column_text][\/vc_column][\/vc_row][vc_row][vc_column][vc_separator color=&#8221;mulled_wine&#8221; style=&#8221;shadow&#8221; border_width=&#8221;2&#8243;][\/vc_column][\/vc_row][vc_row][vc_column width=&#8221;1\/4&#8243;][vc_icon icon_fontawesome=&#8221;far fa-copy&#8221; color=&#8221;peacoc&#8221; background_style=&#8221;rounded&#8221; size=&#8221;lg&#8221; align=&#8221;center&#8221; link=&#8221;url:http%3A%2F%2Fdcsh.xoc.uam.mx%2Fprodecon%2Fwp-content%2Fuploads%2F2021%2F03%2FCDI_2007.pdf|target:_blank&#8221;][\/vc_column][vc_column width=&#8221;3\/4&#8243;][vc_column_text]<strong><span style=\"color: #296199;\">XXI Congreso de Investigaci\u00f3n Departamental<\/span><\/strong><\/p>\n<p>Del 15 al 17 de noviembre de 2007.[\/vc_column_text][\/vc_column][\/vc_row][vc_row][vc_column][vc_separator color=&#8221;mulled_wine&#8221; style=&#8221;shadow&#8221; border_width=&#8221;2&#8243;][\/vc_column][\/vc_row][vc_row][vc_column width=&#8221;1\/4&#8243;][vc_icon icon_fontawesome=&#8221;far fa-copy&#8221; color=&#8221;peacoc&#8221; background_style=&#8221;rounded&#8221; size=&#8221;lg&#8221; align=&#8221;center&#8221; link=&#8221;url:http%3A%2F%2Fdcsh.xoc.uam.mx%2Fprodecon%2Fwp-content%2Fuploads%2F2021%2F03%2FCDI_2006_1fase.pdf|target:_blank&#8221;][\/vc_column][vc_column width=&#8221;3\/4&#8243;][vc_column_text]<strong><span style=\"color: #296199;\">XX Congreso de Investigaci\u00f3n Departamental<\/span><\/strong><\/p>\n<p>&#8220;Por una pol\u00edtica econ\u00f3mica y social alternativa&#8221;<br \/>\nPrimera fase<br \/>\nDel 14 al 16 de junio de 2006.[\/vc_column_text][\/vc_column][\/vc_row][vc_row][vc_column][vc_separator color=&#8221;mulled_wine&#8221; style=&#8221;shadow&#8221; border_width=&#8221;2&#8243;][\/vc_column][\/vc_row][vc_row][vc_column width=&#8221;1\/4&#8243;][vc_icon icon_fontawesome=&#8221;far fa-copy&#8221; color=&#8221;peacoc&#8221; background_style=&#8221;rounded&#8221; size=&#8221;lg&#8221; align=&#8221;center&#8221; link=&#8221;url:http%3A%2F%2Fdcsh.xoc.uam.mx%2Fprodecon%2Fwp-content%2Fuploads%2F2021%2F03%2FCDI_2006_2fase.pdf|target:_blank&#8221;][\/vc_column][vc_column width=&#8221;3\/4&#8243;][vc_column_text]<strong><span style=\"color: #296199;\">XX Congreso de Investigaci\u00f3n Departamental<\/span><\/strong><\/p>\n<p>&#8220;Por una pol\u00edtica econ\u00f3mica y social alternativa&#8221;<br \/>\nSegunda fase<br \/>\nDel 15 al 17 de noviembre de 2006.[\/vc_column_text][\/vc_column][\/vc_row][vc_row][vc_column][vc_separator color=&#8221;mulled_wine&#8221; style=&#8221;shadow&#8221; border_width=&#8221;2&#8243;][\/vc_column][\/vc_row][vc_row][vc_column width=&#8221;1\/4&#8243;][vc_icon icon_fontawesome=&#8221;far fa-copy&#8221; color=&#8221;peacoc&#8221; background_style=&#8221;rounded&#8221; size=&#8221;lg&#8221; align=&#8221;center&#8221; link=&#8221;url:http%3A%2F%2Fdcsh.xoc.uam.mx%2Fprodecon%2Fwp-content%2Fuploads%2F2021%2F03%2FCDI_2005.pdf|target:_blank&#8221;][\/vc_column][vc_column width=&#8221;3\/4&#8243;][vc_column_text]<strong><span style=\"color: #296199;\">XIX Congreso de Investigaci\u00f3n Departamental<\/span><\/strong><\/p>\n<p>Del 6 al 8 de octubre de 2005.[\/vc_column_text][\/vc_column][\/vc_row][vc_row][vc_column][vc_separator color=&#8221;mulled_wine&#8221; style=&#8221;shadow&#8221; border_width=&#8221;2&#8243;][\/vc_column][\/vc_row][vc_row][vc_column width=&#8221;1\/4&#8243;][vc_icon icon_fontawesome=&#8221;far fa-copy&#8221; color=&#8221;peacoc&#8221; background_style=&#8221;rounded&#8221; size=&#8221;lg&#8221; align=&#8221;center&#8221; link=&#8221;url:http%3A%2F%2Fdcsh.xoc.uam.mx%2Fprodecon%2Fwp-content%2Fuploads%2F2021%2F03%2FCDI_2004.pdf|target:_blank&#8221;][\/vc_column][vc_column width=&#8221;3\/4&#8243;][vc_column_text]<strong><span style=\"color: #296199;\">XVIII Congreso de Investigaci\u00f3n Departamental<\/span><\/strong><\/p>\n<p>Del 11 al 13 de noviembre de 2004.[\/vc_column_text][\/vc_column][\/vc_row][vc_row][vc_column][vc_separator color=&#8221;mulled_wine&#8221; style=&#8221;shadow&#8221; border_width=&#8221;2&#8243;][\/vc_column][\/vc_row][vc_row][vc_column width=&#8221;1\/4&#8243;][vc_icon icon_fontawesome=&#8221;far fa-copy&#8221; color=&#8221;peacoc&#8221; background_style=&#8221;rounded&#8221; size=&#8221;lg&#8221; align=&#8221;center&#8221; link=&#8221;url:http%3A%2F%2Fdcsh.xoc.uam.mx%2Fprodecon%2Fwp-content%2Fuploads%2F2021%2F03%2FCDI_2003.pdf|target:_blank&#8221;][\/vc_column][vc_column width=&#8221;3\/4&#8243;][vc_column_text]<strong><span style=\"color: #296199;\">XVII Congreso de Investigaci\u00f3n Departamental<\/span><\/strong><\/p>\n<p>Del 6 al 8 de noviembre de 2003.[\/vc_column_text][\/vc_column][\/vc_row][vc_row][vc_column][vc_separator color=&#8221;mulled_wine&#8221; style=&#8221;shadow&#8221; border_width=&#8221;2&#8243;][\/vc_column][\/vc_row][vc_row][vc_column width=&#8221;1\/4&#8243;][vc_icon icon_fontawesome=&#8221;far fa-copy&#8221; color=&#8221;peacoc&#8221; background_style=&#8221;rounded&#8221; size=&#8221;lg&#8221; align=&#8221;center&#8221; link=&#8221;url:http%3A%2F%2Fdcsh.xoc.uam.mx%2Fprodecon%2Fwp-content%2Fuploads%2F2021%2F03%2FCDI_2002.pdf|target:_blank&#8221;][\/vc_column][vc_column width=&#8221;3\/4&#8243;][vc_column_text]<strong><span style=\"color: #296199;\">XVI Congreso de Investigaci\u00f3n Departamental<\/span><\/strong><\/p>\n<p>Del 7 al 9 de noviembre de 2002.[\/vc_column_text][\/vc_column][\/vc_row][vc_row][vc_column][vc_separator color=&#8221;mulled_wine&#8221; style=&#8221;shadow&#8221; border_width=&#8221;2&#8243;][\/vc_column][\/vc_row][vc_row][vc_column width=&#8221;1\/4&#8243;][vc_icon icon_fontawesome=&#8221;far fa-copy&#8221; color=&#8221;peacoc&#8221; background_style=&#8221;rounded&#8221; size=&#8221;lg&#8221; align=&#8221;center&#8221; link=&#8221;url:http%3A%2F%2Fdcsh.xoc.uam.mx%2Fprodecon%2Fwp-content%2Fuploads%2F2021%2F03%2FCDI_1998.pdf|target:_blank&#8221;][\/vc_column][vc_column width=&#8221;3\/4&#8243;][vc_column_text]<strong><span style=\"color: #296199;\">XII Congreso de Investigaci\u00f3n Departamental<\/span><\/strong><\/p>\n<p>Del 5 al 7 de noviembre de 1998.[\/vc_column_text][\/vc_column][\/vc_row][vc_row][vc_column][vc_separator color=&#8221;mulled_wine&#8221; style=&#8221;shadow&#8221; border_width=&#8221;2&#8243;][\/vc_column][\/vc_row][vc_row][vc_column width=&#8221;1\/4&#8243;][vc_icon icon_fontawesome=&#8221;far fa-copy&#8221; color=&#8221;peacoc&#8221; background_style=&#8221;rounded&#8221; size=&#8221;lg&#8221; align=&#8221;center&#8221; link=&#8221;url:http%3A%2F%2Fdcsh.xoc.uam.mx%2Fprodecon%2Fwp-content%2Fuploads%2F2021%2F03%2FCDI_1997.pdf|target:_blank&#8221;][\/vc_column][vc_column width=&#8221;3\/4&#8243;][vc_column_text]<strong><span style=\"color: #296199;\">XI Congreso de Investigaci\u00f3n Departamental<\/span><\/strong><\/p>\n<p>Del 8 al 10 de septiembre de 1997.[\/vc_column_text][\/vc_column][\/vc_row]\n","protected":false},"excerpt":{"rendered":"<p>[vc_row][vc_column][vc_column_text] Hist\u00f3rico [\/vc_column_text][vc_separator style=&#8221;shadow&#8221;][\/vc_column][\/vc_row][vc_row][vc_column width=&#8221;1\/4&#8243;][vc_icon icon_fontawesome=&#8221;far fa-copy&#8221; color=&#8221;peacoc&#8221; background_style=&#8221;rounded&#8221; size=&#8221;lg&#8221; align=&#8221;center&#8221; css_animation=&#8221;flipInX&#8221; link=&#8221;target:_blank&#8221;][\/vc_column][vc_column width=&#8221;3\/4&#8243;][vc_column_text] XXXVI Congreso de Investigaci\u00f3n Departamental &#8220;Las m\u00faltiples crisis post-pandemia. Reconfiguraci\u00f3n, cambios y retos&#8221;.Del 3 al 5 de noviembre de 2022. ConvocatoriaProgramaPresentacionesConstanciasVideoGaler\u00eda [\/vc_column_text][\/vc_column][\/vc_row][vc_row][vc_column][vc_separator color=&#8221;mulled_wine&#8221; style=&#8221;shadow&#8221; border_width=&#8221;2&#8243;][\/vc_column][\/vc_row][vc_row][vc_column width=&#8221;1\/4&#8243;][vc_icon&hellip;<\/p>\n","protected":false},"author":1,"featured_media":0,"parent":0,"menu_order":0,"comment_status":"closed","ping_status":"closed","template":"","meta":{"footnotes":""},"class_list":["post-6805","page","type-page","status-publish","hentry","entry","no-media"],"_links":{"self":[{"href":"https:\/\/dcsh.xoc.uam.mx\/prodecon\/index.php\/wp-json\/wp\/v2\/pages\/6805","targetHints":{"allow":["GET"]}}],"collection":[{"href":"https:\/\/dcsh.xoc.uam.mx\/prodecon\/index.php\/wp-json\/wp\/v2\/pages"}],"about":[{"href":"https:\/\/dcsh.xoc.uam.mx\/prodecon\/index.php\/wp-json\/wp\/v2\/types\/page"}],"author":[{"embeddable":true,"href":"https:\/\/dcsh.xoc.uam.mx\/prodecon\/index.php\/wp-json\/wp\/v2\/users\/1"}],"replies":[{"embeddable":true,"href":"https:\/\/dcsh.xoc.uam.mx\/prodecon\/index.php\/wp-json\/wp\/v2\/comments?post=6805"}],"version-history":[{"count":29,"href":"https:\/\/dcsh.xoc.uam.mx\/prodecon\/index.php\/wp-json\/wp\/v2\/pages\/6805\/revisions"}],"predecessor-version":[{"id":11316,"href":"https:\/\/dcsh.xoc.uam.mx\/prodecon\/index.php\/wp-json\/wp\/v2\/pages\/6805\/revisions\/11316"}],"wp:attachment":[{"href":"https:\/\/dcsh.xoc.uam.mx\/prodecon\/index.php\/wp-json\/wp\/v2\/media?parent=6805"}],"curies":[{"name":"wp","href":"https:\/\/api.w.org\/{rel}","templated":true}]}}