{"id":314,"date":"2019-06-13T16:44:42","date_gmt":"2019-06-13T16:44:42","guid":{"rendered":"http:\/\/dcsh.xoc.uam.mx\/prodecon\/?page_id=314"},"modified":"2026-04-30T14:33:05","modified_gmt":"2026-04-30T14:33:05","slug":"informes-de-gestion","status":"publish","type":"page","link":"https:\/\/dcsh.xoc.uam.mx\/prodecon\/index.php\/informes-de-gestion\/","title":{"rendered":"Informes de Gesti\u00f3n"},"content":{"rendered":"[vc_row][vc_column][vc_tta_accordion active_section=&#8221;50&#8243; css_animation=&#8221;slideInLeft&#8221; collapsible_all=&#8221;true&#8221;][vc_tta_section i_icon_fontawesome=&#8221;fas fa-arrow-circle-right&#8221; add_icon=&#8221;true&#8221; title=&#8221;Dra. Graciela Carrillo Gonz\u00e1lez (Gesti\u00f3n 2022-2026)&#8221; tab_id=&#8221;1560443952624-c0959ef0-b5d6&#8243;]<div style=\"color:#1e73be;font-weight:600;\" class=\"vcex-module vcex-list_item clr  wpb_animate_when_almost_visible wpb_fadeIn fadeIn\"><a href=\"https:\/\/dcsh.xoc.uam.mx\/prodecon\/wp-content\/uploads\/Informe-Anual-2025_vf.pdf\" target=\"_blank\" style=\"color:#1e73be;\"><div class=\"vcex-icon-wrap\" style=\"color:#1e73be;\"><span class=\"typcn typcn-edit\"><\/span><\/div><div class=\"vcex-content\">Informe de Gesti\u00f3n 2025<\/div><\/a><\/div><div style=\"color:#1e73be;font-weight:600;\" class=\"vcex-module vcex-list_item clr  wpb_animate_when_almost_visible wpb_fadeIn fadeIn\"><a href=\"https:\/\/dcsh.xoc.uam.mx\/prodecon\/wp-content\/uploads\/INFORME-ANUAL-DEP-2024.pdf\" target=\"_blank\" style=\"color:#1e73be;\"><div class=\"vcex-icon-wrap\" style=\"color:#1e73be;\"><span class=\"typcn typcn-edit\"><\/span><\/div><div class=\"vcex-content\">Informe de Gesti\u00f3n 2024<\/div><\/a><\/div><div style=\"color:#1e73be;font-weight:600;\" class=\"vcex-module vcex-list_item clr  wpb_animate_when_almost_visible wpb_fadeIn fadeIn\"><a href=\"https:\/\/dcsh.xoc.uam.mx\/prodecon\/wp-content\/uploads\/INFORME-ANUAL-COMPLETO-2023-1.pdf\" target=\"_blank\" style=\"color:#1e73be;\"><div class=\"vcex-icon-wrap\" style=\"color:#1e73be;\"><span class=\"typcn typcn-edit\"><\/span><\/div><div class=\"vcex-content\">Informe de Gesti\u00f3n 2023<\/div><\/a><\/div><div style=\"color:#1e73be;font-weight:600;\" class=\"vcex-module vcex-list_item clr  wpb_animate_when_almost_visible wpb_fadeIn fadeIn\"><a href=\"http:\/\/dcsh.xoc.uam.mx\/prodecon\/wp-content\/uploads\/Informe-2022_Dra-Graciela-Carrillo-Gonzalez.pdf\" target=\"_blank\" style=\"color:#1e73be;\"><div class=\"vcex-icon-wrap\" style=\"color:#1e73be;\"><span class=\"typcn typcn-edit\"><\/span><\/div><div class=\"vcex-content\">Informe de Gesti\u00f3n 2022<\/div><\/a><\/div>[\/vc_tta_section][vc_tta_section i_icon_fontawesome=&#8221;fa fa-arrow-circle-right&#8221; add_icon=&#8221;true&#8221; title=&#8221;Dra. Ang\u00e9lica Buend\u00eda Espinosa (Gesti\u00f3n 2018-2022)&#8221; tab_id=&#8221;1711763650238-fc5813d4-ba41&#8243;]<div style=\"color:#1e73be;font-weight:600;\" class=\"vcex-module vcex-list_item clr  wpb_animate_when_almost_visible wpb_fadeIn fadeIn\"><a href=\"http:\/\/dcsh.xoc.uam.mx\/prodecon\/wp-content\/uploads\/2022\/05\/Informe-de-gestion-ABE-2021-VF.pdf\" target=\"_blank\" style=\"color:#1e73be;\"><div class=\"vcex-icon-wrap\" style=\"color:#1e73be;\"><span class=\"typcn typcn-edit\"><\/span><\/div><div class=\"vcex-content\">Informe de gesti\u00f3n 2021<\/div><\/a><\/div><div style=\"color:#1e73be;\" class=\"vcex-module vcex-list_item clr  wpb_animate_when_almost_visible wpb_fadeIn fadeIn\"><a href=\"http:\/\/dcsh.xoc.uam.mx\/prodecon\/wp-content\/uploads\/2022\/05\/Anexo-1.-Produccion-academica.-AGSEO.pdf\" target=\"_blank\" style=\"color:#1e73be;\"><div class=\"vcex-content\">Anexo 1. Producci\u00f3n acad\u00e9mica AGSEO 2021<\/div><\/a><\/div><div style=\"color:#1e73be;\" class=\"vcex-module vcex-list_item clr  wpb_animate_when_almost_visible wpb_fadeIn fadeIn\"><a href=\"http:\/\/dcsh.xoc.uam.mx\/prodecon\/wp-content\/uploads\/2022\/05\/Anexo-2.-Produccion-academica.-DTS.pdf\" target=\"_blank\" style=\"color:#1e73be;\"><div class=\"vcex-content\">Anexo 2. Producci\u00f3n acad\u00e9mica DTS 2021<\/div><\/a><\/div><div style=\"color:#1e73be;\" class=\"vcex-module vcex-list_item clr  wpb_animate_when_almost_visible wpb_fadeIn fadeIn\"><a href=\"http:\/\/dcsh.xoc.uam.mx\/prodecon\/wp-content\/uploads\/2022\/05\/Anexo-3.-Produccion-academica.-EADRC.pdf\" target=\"_blank\" style=\"color:#1e73be;\"><div class=\"vcex-content\">Anexo 3. Producci\u00f3n acad\u00e9mica EADRC 2021<\/div><\/a><\/div><div style=\"color:#1e73be;\" class=\"vcex-module vcex-list_item clr  wpb_animate_when_almost_visible wpb_fadeIn fadeIn\"><a href=\"http:\/\/dcsh.xoc.uam.mx\/prodecon\/wp-content\/uploads\/2022\/05\/Anexo-4.-Produccion-academica.-EII.pdf\" target=\"_blank\" style=\"color:#1e73be;\"><div class=\"vcex-content\">Anexo 4. Producci\u00f3n acad\u00e9mica EII 2021<\/div><\/a><\/div><div style=\"color:#1e73be;\" class=\"vcex-module vcex-list_item clr  wpb_animate_when_almost_visible wpb_fadeIn fadeIn\"><a href=\"http:\/\/dcsh.xoc.uam.mx\/prodecon\/wp-content\/uploads\/2022\/05\/Anexo-5.-Produccion-academica.-EGO.pdf\" target=\"_blank\" style=\"color:#1e73be;\"><div class=\"vcex-content\">Anexo 5. Producci\u00f3n acad\u00e9mica EGO 2021<\/div><\/a><\/div><div style=\"color:#1e73be;\" class=\"vcex-module vcex-list_item clr  wpb_animate_when_almost_visible wpb_fadeIn fadeIn\"><a href=\"http:\/\/dcsh.xoc.uam.mx\/prodecon\/wp-content\/uploads\/2022\/05\/Anexo-6.-Produccion-academica.-MDCE.pdf\" target=\"_blank\" style=\"color:#1e73be;\"><div class=\"vcex-content\">Anexo 6. Producci\u00f3n acad\u00e9mica MDCE 2021<\/div><\/a><\/div><div style=\"color:#1e73be;\" class=\"vcex-module vcex-list_item clr  wpb_animate_when_almost_visible wpb_fadeIn fadeIn\"><a href=\"http:\/\/dcsh.xoc.uam.mx\/prodecon\/wp-content\/uploads\/2022\/05\/Anexo-7.-Produccion-academica.-MEMCS.pdf\" target=\"_blank\" style=\"color:#1e73be;\"><div class=\"vcex-content\">Anexo 7. Producci\u00f3n acad\u00e9mica MEMCS 2021<\/div><\/a><\/div><div style=\"color:#1e73be;\" class=\"vcex-module vcex-list_item clr  wpb_animate_when_almost_visible wpb_fadeIn fadeIn\"><a href=\"http:\/\/dcsh.xoc.uam.mx\/prodecon\/wp-content\/uploads\/2022\/05\/Anexo-8.-Produccion-academica.-PED.pdf\" target=\"_blank\" style=\"color:#1e73be;\"><div class=\"vcex-content\">Anexo 8. Producci\u00f3n acad\u00e9mica PED 2021<\/div><\/a><\/div><div style=\"color:#1e73be;\" class=\"vcex-module vcex-list_item clr  wpb_animate_when_almost_visible wpb_fadeIn fadeIn\"><a href=\"http:\/\/dcsh.xoc.uam.mx\/prodecon\/wp-content\/uploads\/2022\/05\/Anexo-9.-Produccion-academica.-SEM.pdf\" target=\"_blank\" style=\"color:#1e73be;\"><div class=\"vcex-content\">Anexo 9. Producci\u00f3n acad\u00e9mica SEM 2021<\/div><\/a><\/div><div style=\"color:#1e73be;\" class=\"vcex-module vcex-list_item clr  wpb_animate_when_almost_visible wpb_fadeIn fadeIn\"><a href=\"http:\/\/dcsh.xoc.uam.mx\/prodecon\/wp-content\/uploads\/2022\/05\/Anexo-10.-Produccion-academica.-Sin-area..pdf\" target=\"_blank\" style=\"color:#1e73be;\"><div class=\"vcex-content\">Anexo 10. Producci\u00f3n acad\u00e9mica sin \u00e1rea 2021<\/div><\/a><\/div><div style=\"color:#1e73be;\" class=\"vcex-module vcex-list_item clr  wpb_animate_when_almost_visible wpb_fadeIn fadeIn\"><a href=\"http:\/\/dcsh.xoc.uam.mx\/prodecon\/wp-content\/uploads\/2022\/05\/Anexo-11.-Planeacion-anual-de-docencia-DPE-21-O-22-I-22-P.pdf\" target=\"_blank\" style=\"color:#1e73be;\"><div class=\"vcex-content\">Anexo 11. Planeaci\u00f3n anual de docencia DPE 21-O \/ 22-I \/ 22-P 2021<\/div><\/a><\/div><div style=\"color:#1e73be;font-weight:600;\" class=\"vcex-module vcex-list_item clr  wpb_animate_when_almost_visible wpb_fadeIn fadeIn\"><a href=\"http:\/\/dcsh.xoc.uam.mx\/prodecon\/wp-content\/uploads\/2021\/09\/Informe-2020-ABE.pdf\" target=\"_blank\" style=\"color:#1e73be;\"><div class=\"vcex-icon-wrap\" style=\"color:#1e73be;\"><span class=\"typcn typcn-edit\"><\/span><\/div><div class=\"vcex-content\">Informe de gesti\u00f3n 2020<\/div><\/a><\/div><div style=\"color:#1e73be;\" class=\"vcex-module vcex-list_item clr  wpb_animate_when_almost_visible wpb_fadeIn fadeIn\"><a href=\"http:\/\/dcsh.xoc.uam.mx\/prodecon\/wp-content\/uploads\/2021\/05\/Anexo-2-Informe-2020-ABE.pdf\" target=\"_blank\" style=\"color:#1e73be;\"><div class=\"vcex-content\">Anexo 2 del informe de gesti\u00f3n 2020<\/div><\/a><\/div><div style=\"color:#1e73be;font-weight:600;\" class=\"vcex-module vcex-list_item clr  wpb_animate_when_almost_visible wpb_fadeIn fadeIn\"><a href=\"http:\/\/dcsh.xoc.uam.mx\/prodecon\/wp-content\/uploads\/2020\/12\/Informe_2019_ABE.pdf\" target=\"_blank\" style=\"color:#1e73be;\"><div class=\"vcex-icon-wrap\" style=\"color:#1e73be;\"><span class=\"typcn typcn-edit\"><\/span><\/div><div class=\"vcex-content\">Informe de gesti\u00f3n 2019<\/div><\/a><\/div><div style=\"color:#1e73be;font-weight:600;\" class=\"vcex-module vcex-list_item clr  wpb_animate_when_almost_visible wpb_fadeIn fadeIn\"><a href=\"http:\/\/dcsh.xoc.uam.mx\/prodecon\/wp-content\/uploads\/2020\/12\/Informe_2018_ABE.pdf\" target=\"_blank\" style=\"color:#1e73be;\"><div class=\"vcex-icon-wrap\" style=\"color:#1e73be;\"><span class=\"typcn typcn-edit\"><\/span><\/div><div class=\"vcex-content\">Informe de gesti\u00f3n 2018<\/div><\/a><\/div>[\/vc_tta_section][vc_tta_section i_icon_fontawesome=&#8221;fa fa-arrow-circle-right&#8221; add_icon=&#8221;true&#8221; title=&#8221;Dr. Juan Manuel Corona Alc\u00e1ntar (Gesti\u00f3n 2014-2018)&#8221; tab_id=&#8221;1576519403898-710f1988-ef33&#8243;]<div class=\"vcex-module vcex-list_item clr\"><div class=\"vcex-icon-wrap\" style=\"color:#003d83;\"><span class=\"ticon ticon-pencil-square-o\"><\/span><\/div><div class=\"vcex-content\">Informe de gesti\u00f3n 2017<\/div><\/div><div class=\"vcex-module vcex-list_item clr\"><div class=\"vcex-icon-wrap\" style=\"color:#003d83;\"><span class=\"ticon ticon-pencil-square-o\"><\/span><\/div><div class=\"vcex-content\">Informe de gesti\u00f3n 2016<\/div><\/div><div class=\"vcex-module vcex-list_item clr  wpb_animate_when_almost_visible wpb_fadeIn fadeIn\"><a href=\"http:\/\/dcsh.xoc.uam.mx\/prodecon\/wp-content\/uploads\/2020\/12\/Informe-de-gestion-JMCA2015.pdf\" target=\"_blank\"><div class=\"vcex-icon-wrap\" style=\"color:#003d83;\"><span class=\"ticon ticon-pencil-square-o\"><\/span><\/div><div class=\"vcex-content\">Informe de gesti\u00f3n 2015<\/div><\/a><\/div><div class=\"vcex-module vcex-list_item clr\"><div class=\"vcex-icon-wrap\" style=\"color:#003d83;\"><span class=\"ticon ticon-pencil-square-o\"><\/span><\/div><div class=\"vcex-content\">Informe de gesti\u00f3n 2014<\/div><\/div>[\/vc_tta_section][vc_tta_section i_icon_fontawesome=&#8221;fa fa-arrow-circle-right&#8221; add_icon=&#8221;true&#8221; title=&#8221;Dr. Federico Novelo Urdanivia (Gesti\u00f3n 2010-2014)&#8221; tab_id=&#8221;1560444245558-0853f1c6-f2ac&#8221;]<div class=\"vcex-module vcex-list_item clr  wpb_animate_when_almost_visible wpb_fadeIn fadeIn\"><a href=\"http:\/\/dcsh.xoc.uam.mx\/prodecon\/wp-content\/uploads\/2020\/12\/Cuarto_informe_FNU.pdf\" title=\"Cuarto Informe FNU\" target=\"_blank\"><div class=\"vcex-icon-wrap\" style=\"color:#003d83;\"><span class=\"ticon ticon-pencil-square-o\"><\/span><\/div><div class=\"vcex-content\">Informe de gesti\u00f3n 2013<\/div><\/a><\/div><div class=\"vcex-module vcex-list_item clr  wpb_animate_when_almost_visible wpb_fadeIn fadeIn\"><a href=\"http:\/\/dcsh.xoc.uam.mx\/prodecon\/wp-content\/uploads\/2020\/12\/Tercer_informe_FNU_2013.pdf\" title=\"Tercer Informe\" target=\"_blank\"><div class=\"vcex-icon-wrap\" style=\"color:#003d83;\"><span class=\"ticon ticon-pencil-square-o\"><\/span><\/div><div class=\"vcex-content\">Informe de gesti\u00f3n 2012<\/div><\/a><\/div><div class=\"vcex-module vcex-list_item clr  wpb_animate_when_almost_visible wpb_fadeIn fadeIn\"><a href=\"http:\/\/dcsh.xoc.uam.mx\/prodecon\/wp-content\/uploads\/2020\/12\/Segundo_Informe_FNU.pdf\" target=\"_blank\"><div class=\"vcex-icon-wrap\" style=\"color:#003d83;\"><span class=\"ticon ticon-pencil-square-o\"><\/span><\/div><div class=\"vcex-content\">Informe de gesti\u00f3n 2011<\/div><\/a><\/div><div class=\"vcex-module vcex-list_item clr  wpb_animate_when_almost_visible wpb_fadeIn fadeIn\"><a href=\"http:\/\/dcsh.xoc.uam.mx\/prodecon\/wp-content\/uploads\/2020\/12\/Primer_informe_FNU.pdf\" target=\"_blank\"><div class=\"vcex-icon-wrap\" style=\"color:#003d83;\"><span class=\"ticon ticon-pencil-square-o\"><\/span><\/div><div class=\"vcex-content\">Informe de gesti\u00f3n 2010<\/div><\/a><\/div>[\/vc_tta_section][\/vc_tta_accordion][\/vc_column][\/vc_row][vc_row][vc_column][vc_single_image image=&#8221;13809&#8243; img_size=&#8221;1200&#215;350&#8243; css_animation=&#8221;slideInRight&#8221; alignment=&#8221;center&#8221;][\/vc_column][\/vc_row]\n","protected":false},"excerpt":{"rendered":"<p>[vc_row][vc_column][vc_tta_accordion active_section=&#8221;50&#8243; css_animation=&#8221;slideInLeft&#8221; collapsible_all=&#8221;true&#8221;][vc_tta_section i_icon_fontawesome=&#8221;fas fa-arrow-circle-right&#8221; add_icon=&#8221;true&#8221; title=&#8221;Dra. Graciela Carrillo Gonz\u00e1lez (Gesti\u00f3n 2022-2026)&#8221; tab_id=&#8221;1560443952624-c0959ef0-b5d6&#8243;][\/vc_tta_section][vc_tta_section i_icon_fontawesome=&#8221;fa fa-arrow-circle-right&#8221; add_icon=&#8221;true&#8221; title=&#8221;Dra. Ang\u00e9lica Buend\u00eda Espinosa (Gesti\u00f3n 2018-2022)&#8221; tab_id=&#8221;1711763650238-fc5813d4-ba41&#8243;][\/vc_tta_section][vc_tta_section i_icon_fontawesome=&#8221;fa fa-arrow-circle-right&#8221; add_icon=&#8221;true&#8221; title=&#8221;Dr. Juan Manuel Corona Alc\u00e1ntar (Gesti\u00f3n 2014-2018)&#8221; tab_id=&#8221;1576519403898-710f1988-ef33&#8243;][\/vc_tta_section][vc_tta_section i_icon_fontawesome=&#8221;fa fa-arrow-circle-right&#8221; add_icon=&#8221;true&#8221; title=&#8221;Dr. Federico&hellip;<\/p>\n","protected":false},"author":1,"featured_media":0,"parent":0,"menu_order":0,"comment_status":"closed","ping_status":"closed","template":"","meta":{"footnotes":""},"class_list":["post-314","page","type-page","status-publish","hentry","entry","no-media"],"_links":{"self":[{"href":"https:\/\/dcsh.xoc.uam.mx\/prodecon\/index.php\/wp-json\/wp\/v2\/pages\/314","targetHints":{"allow":["GET"]}}],"collection":[{"href":"https:\/\/dcsh.xoc.uam.mx\/prodecon\/index.php\/wp-json\/wp\/v2\/pages"}],"about":[{"href":"https:\/\/dcsh.xoc.uam.mx\/prodecon\/index.php\/wp-json\/wp\/v2\/types\/page"}],"author":[{"embeddable":true,"href":"https:\/\/dcsh.xoc.uam.mx\/prodecon\/index.php\/wp-json\/wp\/v2\/users\/1"}],"replies":[{"embeddable":true,"href":"https:\/\/dcsh.xoc.uam.mx\/prodecon\/index.php\/wp-json\/wp\/v2\/comments?post=314"}],"version-history":[{"count":50,"href":"https:\/\/dcsh.xoc.uam.mx\/prodecon\/index.php\/wp-json\/wp\/v2\/pages\/314\/revisions"}],"predecessor-version":[{"id":13880,"href":"https:\/\/dcsh.xoc.uam.mx\/prodecon\/index.php\/wp-json\/wp\/v2\/pages\/314\/revisions\/13880"}],"wp:attachment":[{"href":"https:\/\/dcsh.xoc.uam.mx\/prodecon\/index.php\/wp-json\/wp\/v2\/media?parent=314"}],"curies":[{"name":"wp","href":"https:\/\/api.w.org\/{rel}","templated":true}]}}