{"id":250,"date":"2019-06-11T20:55:46","date_gmt":"2019-06-11T20:55:46","guid":{"rendered":"http:\/\/dcsh.xoc.uam.mx\/prodecon\/?page_id=250"},"modified":"2024-09-02T16:38:06","modified_gmt":"2024-09-02T16:38:06","slug":"profesores-distinguidos","status":"publish","type":"page","link":"https:\/\/dcsh.xoc.uam.mx\/prodecon\/index.php\/profesores-distinguidos\/","title":{"rendered":"Profesores Distinguidos"},"content":{"rendered":"[vc_row css=&#8221;.vc_custom_1456355408550{margin-top: 40px !important;}&#8221;][vc_column]<div class=\"vcex-spacing\" style=\"height:10px\"><\/div>[vc_column_text]\n<p style=\"text-align: left;\">El nombramiento de\u00a0<strong>Profesor Distinguido<\/strong>\u00a0lo otorga la Universidad Aut\u00f3noma Metropolitana a miembros del personal acad\u00e9mico que han sobresalido en el desempe\u00f1o de sus funciones acad\u00e9micas. Reglamento de Ingreso, Promoci\u00f3n y Permanencia del Personal Acad\u00e9mico (RIPPPA), T\u00edtulo Octavo, Cap\u00edtulo V,\u00a0<a href=\"http:\/\/www.uam.mx\/legislacion\/index.html\" target=\"_blank\" rel=\"noopener noreferrer\">Art\u00edculo 247.<\/a><\/p>\n[\/vc_column_text]<div class=\"vcex-spacing\" style=\"height:10px\"><\/div>[vc_column_text]Los Profesores del Departamento de Producci\u00f3n Econ\u00f3mica que han sido galardonados con el nombramiento de\u00a0<strong>Profesor Distinguido<\/strong>\u00a0son:[\/vc_column_text][\/vc_column][\/vc_row][vc_row full_width=&#8221;stretch_row&#8221; css=&#8221;.vc_custom_1456350084138{border-top-width: 1px !important;border-bottom-width: 1px !important;padding-top: 70px !important;padding-bottom: 60px !important;background-color: #f3f1eb !important;border-top-color: #e6e2d6 !important;border-top-style: solid !important;border-bottom-color: #e6e2d6 !important;border-bottom-style: solid !important;}&#8221;][vc_column]<div class=\"vcex-module wpex-carousel wpex-carousel-staff clr owl-carousel arrwstyle-circle arrwpos-center\" data-items=\"6\" data-slideby=\"1\" data-nav=\"true\" data-dots=\"false\" data-autoplay=\"true\" data-loop=\"true\" data-autoplay-timeout=\"5000\" data-center=\"false\" data-margin=\"15\" data-items-tablet=\"3\" data-items-mobile-landscape=\"2\" data-items-mobile-portrait=\"2\" data-smart-speed=\"40\"><div class=\"wpex-carousel-slide wpex-clr\"><div class=\"wpex-carousel-entry-media clr\"><a href=\"https:\/\/dcsh.xoc.uam.mx\/prodecon\/index.php\/staff-member\/jaime-aboites-aguilar\/\" title=\"Dr. Jaime Aboites Aguilar\" class=\"wpex-carousel-entry-img\"><img loading=\"lazy\" decoding=\"async\" width=\"280\" height=\"300\" src=\"https:\/\/dcsh.xoc.uam.mx\/prodecon\/wp-content\/uploads\/2020\/11\/Jaime_Aboites.jpg\" class=\"skip-lazy\" alt=\"\" data-no-lazy=\"1\" \/><\/a><\/div><div class=\"wpex-carousel-entry-details clr\"><div class=\"wpex-carousel-entry-title entry-title\" style=\"font-weight:600;font-size:16px;\"><a href=\"https:\/\/dcsh.xoc.uam.mx\/prodecon\/index.php\/staff-member\/jaime-aboites-aguilar\/\">Dr. Jaime Aboites Aguilar<\/a><\/div><div class=\"wpex-carousel-entry-excerpt clr\"><p>Jaime Aboites Aguilar es Ingeniero Civil (ITESM), maestro y doctor en Econom\u00eda (UNAM). Es&hellip;<\/p><\/div><\/div><\/div><div class=\"wpex-carousel-slide wpex-clr\"><div class=\"wpex-carousel-entry-media clr\"><a href=\"https:\/\/dcsh.xoc.uam.mx\/prodecon\/index.php\/staff-member\/gabriela-dutrenit-bielous\/\" title=\"Dra. Gabriela Dutr\u00e9nit Bielous\" class=\"wpex-carousel-entry-img\"><img loading=\"lazy\" decoding=\"async\" width=\"280\" height=\"300\" src=\"https:\/\/dcsh.xoc.uam.mx\/prodecon\/wp-content\/uploads\/2020\/11\/GDB.jpg\" class=\"skip-lazy\" alt=\"\" data-no-lazy=\"1\" \/><\/a><\/div><div class=\"wpex-carousel-entry-details clr\"><div class=\"wpex-carousel-entry-title entry-title\" style=\"font-weight:600;font-size:16px;\"><a href=\"https:\/\/dcsh.xoc.uam.mx\/prodecon\/index.php\/staff-member\/gabriela-dutrenit-bielous\/\">Dra. Gabriela Dutr\u00e9nit Bielous<\/a><\/div><div class=\"wpex-carousel-entry-excerpt clr\"><p>Gabriela Dutr\u00e9nit es mexicana, nacida en Montevideo (Uruguay). Realiz\u00f3 estudios de pregrado en Econom\u00eda&hellip;<\/p><\/div><\/div><\/div><div class=\"wpex-carousel-slide wpex-clr\"><div class=\"wpex-carousel-entry-media clr\"><a href=\"https:\/\/dcsh.xoc.uam.mx\/prodecon\/index.php\/staff-member\/david-barkin-rappaport\/\" title=\"Dr. David Barkin Rappaport\" class=\"wpex-carousel-entry-img\"><img loading=\"lazy\" decoding=\"async\" width=\"280\" height=\"300\" src=\"https:\/\/dcsh.xoc.uam.mx\/prodecon\/wp-content\/uploads\/2020\/11\/DBR.jpg\" class=\"skip-lazy\" alt=\"\" data-no-lazy=\"1\" \/><\/a><\/div><div class=\"wpex-carousel-entry-details clr\"><div class=\"wpex-carousel-entry-title entry-title\" style=\"font-weight:600;font-size:16px;\"><a href=\"https:\/\/dcsh.xoc.uam.mx\/prodecon\/index.php\/staff-member\/david-barkin-rappaport\/\">Dr. David Barkin Rappaport<\/a><\/div><div class=\"wpex-carousel-entry-excerpt clr\"><p>Correo: barkin@correo.xoc.uam.mx Edificio V, 3er. piso, cub\u00edculo 328 Tel\u00e9fono: 5483-7100 ext. 3512 y 7034\u00a0<\/p><\/div><\/div><\/div><div class=\"wpex-carousel-slide wpex-clr\"><div class=\"wpex-carousel-entry-media clr\"><a href=\"https:\/\/dcsh.xoc.uam.mx\/prodecon\/index.php\/staff-member\/etelberto-ortiz-cruz\/\" title=\"Dr. Etelberto Ortiz Cruz\" class=\"wpex-carousel-entry-img\"><img loading=\"lazy\" decoding=\"async\" width=\"280\" height=\"300\" src=\"https:\/\/dcsh.xoc.uam.mx\/prodecon\/wp-content\/uploads\/2020\/11\/uam_prof.jpg\" class=\"skip-lazy\" alt=\"\" data-no-lazy=\"1\" srcset=\"https:\/\/dcsh.xoc.uam.mx\/prodecon\/wp-content\/uploads\/2020\/11\/uam_prof.jpg 280w, https:\/\/dcsh.xoc.uam.mx\/prodecon\/wp-content\/uploads\/2020\/11\/uam_prof-140x150.jpg 140w\" sizes=\"auto, (max-width: 280px) 100vw, 280px\" \/><\/a><\/div><div class=\"wpex-carousel-entry-details clr\"><div class=\"wpex-carousel-entry-title entry-title\" style=\"font-weight:600;font-size:16px;\"><a href=\"https:\/\/dcsh.xoc.uam.mx\/prodecon\/index.php\/staff-member\/etelberto-ortiz-cruz\/\">Dr. Etelberto Ortiz Cruz<\/a><\/div><\/div><\/div><div class=\"wpex-carousel-slide wpex-clr\"><div class=\"wpex-carousel-entry-media clr\"><a href=\"https:\/\/dcsh.xoc.uam.mx\/prodecon\/index.php\/staff-member\/margarita-fernandez-ruvalcaba\/\" title=\"Dra. Margarita Fern\u00e1ndez Ruvalcaba\" class=\"wpex-carousel-entry-img\"><img loading=\"lazy\" decoding=\"async\" width=\"280\" height=\"300\" src=\"https:\/\/dcsh.xoc.uam.mx\/prodecon\/wp-content\/uploads\/2020\/11\/MFR.jpg\" class=\"skip-lazy\" alt=\"\" data-no-lazy=\"1\" \/><\/a><\/div><div class=\"wpex-carousel-entry-details clr\"><div class=\"wpex-carousel-entry-title entry-title\" style=\"font-weight:600;font-size:16px;\"><a href=\"https:\/\/dcsh.xoc.uam.mx\/prodecon\/index.php\/staff-member\/margarita-fernandez-ruvalcaba\/\">Dra. Margarita Fern\u00e1ndez Ruvalcaba<\/a><\/div><div class=\"wpex-carousel-entry-excerpt clr\"><p>Martha Margarita Fern\u00e1ndez Ruvalcaba obtuvo los t\u00edtulos de: Licenciado en Administraci\u00f3n de Empresas por&hellip;<\/p><\/div><\/div><\/div><div class=\"wpex-carousel-slide wpex-clr\"><div class=\"wpex-carousel-entry-media clr\"><a href=\"https:\/\/dcsh.xoc.uam.mx\/prodecon\/index.php\/staff-member\/luciano-concheiro-borquez\/\" title=\"Dr. Luciano Concheiro B\u00f3rquez\" class=\"wpex-carousel-entry-img\"><img loading=\"lazy\" decoding=\"async\" width=\"225\" height=\"300\" src=\"https:\/\/dcsh.xoc.uam.mx\/prodecon\/wp-content\/uploads\/CocheiroBojorquez_web.jpg\" class=\"skip-lazy\" alt=\"\" data-no-lazy=\"1\" \/><\/a><\/div><div class=\"wpex-carousel-entry-details clr\"><div class=\"wpex-carousel-entry-title entry-title\" style=\"font-weight:600;font-size:16px;\"><a href=\"https:\/\/dcsh.xoc.uam.mx\/prodecon\/index.php\/staff-member\/luciano-concheiro-borquez\/\">Dr. Luciano Concheiro B\u00f3rquez<\/a><\/div><\/div><\/div><div class=\"wpex-carousel-slide wpex-clr\"><div class=\"wpex-carousel-entry-media clr\"><a href=\"https:\/\/dcsh.xoc.uam.mx\/prodecon\/index.php\/staff-member\/carlos-rozo-bernal\/\" title=\"Dr. Carlos A. Rozo Bernal\" class=\"wpex-carousel-entry-img\"><img loading=\"lazy\" decoding=\"async\" width=\"280\" height=\"300\" src=\"https:\/\/dcsh.xoc.uam.mx\/prodecon\/wp-content\/uploads\/2020\/11\/uam_prof.jpg\" class=\"skip-lazy\" alt=\"\" data-no-lazy=\"1\" srcset=\"https:\/\/dcsh.xoc.uam.mx\/prodecon\/wp-content\/uploads\/2020\/11\/uam_prof.jpg 280w, https:\/\/dcsh.xoc.uam.mx\/prodecon\/wp-content\/uploads\/2020\/11\/uam_prof-140x150.jpg 140w\" sizes=\"auto, (max-width: 280px) 100vw, 280px\" \/><\/a><\/div><div class=\"wpex-carousel-entry-details clr\"><div class=\"wpex-carousel-entry-title entry-title\" style=\"font-weight:600;font-size:16px;\"><a href=\"https:\/\/dcsh.xoc.uam.mx\/prodecon\/index.php\/staff-member\/carlos-rozo-bernal\/\">Dr. Carlos A. Rozo Bernal<\/a><\/div><div class=\"wpex-carousel-entry-excerpt clr\"><p>Profesor de la Universidad Aut\u00f3noma Metropolitana Unidad Xochimilco desde 1975 especializado en econom\u00eda internacional&hellip;<\/p><\/div><\/div><\/div><\/div>[\/vc_column][\/vc_row]\n","protected":false},"excerpt":{"rendered":"<p>[vc_row css=&#8221;.vc_custom_1456355408550{margin-top: 40px !important;}&#8221;][vc_column][vc_column_text] El nombramiento de\u00a0Profesor Distinguido\u00a0lo otorga la Universidad Aut\u00f3noma Metropolitana a miembros del personal acad\u00e9mico que han sobresalido en el desempe\u00f1o de sus funciones acad\u00e9micas. Reglamento de Ingreso, Promoci\u00f3n y Permanencia del Personal Acad\u00e9mico (RIPPPA), T\u00edtulo Octavo,&hellip;<\/p>\n","protected":false},"author":1,"featured_media":0,"parent":0,"menu_order":0,"comment_status":"closed","ping_status":"closed","template":"","meta":{"footnotes":""},"class_list":["post-250","page","type-page","status-publish","hentry","entry","no-media"],"_links":{"self":[{"href":"https:\/\/dcsh.xoc.uam.mx\/prodecon\/index.php\/wp-json\/wp\/v2\/pages\/250","targetHints":{"allow":["GET"]}}],"collection":[{"href":"https:\/\/dcsh.xoc.uam.mx\/prodecon\/index.php\/wp-json\/wp\/v2\/pages"}],"about":[{"href":"https:\/\/dcsh.xoc.uam.mx\/prodecon\/index.php\/wp-json\/wp\/v2\/types\/page"}],"author":[{"embeddable":true,"href":"https:\/\/dcsh.xoc.uam.mx\/prodecon\/index.php\/wp-json\/wp\/v2\/users\/1"}],"replies":[{"embeddable":true,"href":"https:\/\/dcsh.xoc.uam.mx\/prodecon\/index.php\/wp-json\/wp\/v2\/comments?post=250"}],"version-history":[{"count":16,"href":"https:\/\/dcsh.xoc.uam.mx\/prodecon\/index.php\/wp-json\/wp\/v2\/pages\/250\/revisions"}],"predecessor-version":[{"id":12399,"href":"https:\/\/dcsh.xoc.uam.mx\/prodecon\/index.php\/wp-json\/wp\/v2\/pages\/250\/revisions\/12399"}],"wp:attachment":[{"href":"https:\/\/dcsh.xoc.uam.mx\/prodecon\/index.php\/wp-json\/wp\/v2\/media?parent=250"}],"curies":[{"name":"wp","href":"https:\/\/api.w.org\/{rel}","templated":true}]}}