{"id":243,"date":"2019-06-11T18:55:07","date_gmt":"2019-06-11T18:55:07","guid":{"rendered":"http:\/\/dcsh.xoc.uam.mx\/prodecon\/?page_id=243"},"modified":"2026-02-25T20:33:48","modified_gmt":"2026-02-25T20:33:48","slug":"historia","status":"publish","type":"page","link":"https:\/\/dcsh.xoc.uam.mx\/prodecon\/index.php\/historia\/","title":{"rendered":"Historia"},"content":{"rendered":"[vc_row css=&#8221;.vc_custom_1456355408550{margin-top: 40px !important;}&#8221;][vc_column]<div class=\"vcex-spacing\" style=\"height:10px\"><\/div>[\/vc_column][\/vc_row][vc_row][vc_column width=&#8221;1\/2&#8243;][vc_column_text]\n<p class=\"Estilo55\" align=\"justify\">El Departamento de Producci\u00f3n Econ\u00f3mica inici\u00f3 sus actividades en 1975 con los primeros planes de estudio de las licenciaturas de Administraci\u00f3n y Econom\u00eda en la Unidad Xochimilco. Desde entonces, los profesores-investigadores del Departamento participan constantemente tanto en la revisi\u00f3n como en la actualizaci\u00f3n e implementaci\u00f3n de las estructuras curriculares de las dos licenciaturas.<\/p>\n<p class=\"Estilo55\" align=\"justify\">Con el sistema modular ubicado como m\u00e9todo de ense\u00f1anza &#8211; aprendizaje, los planes de estudio del Departamento tienen como prop\u00f3sito central formar profesionales en Administraci\u00f3n y Econom\u00eda con s\u00f3lidas bases en los conocimientos te\u00f3rico y emp\u00edrico, capacitados para asumir actitudes de an\u00e1lisis, reflexi\u00f3n y cr\u00edtica en su \u00e1rea de estudio respectiva.<\/p>\n<p align=\"justify\">Los ejes conductores en la estructura de los contenidos acad\u00e9micos de las licenciaturas son: la organizaci\u00f3n: su estructura y funcionamiento, para Administraci\u00f3n; y la pol\u00edtica econ\u00f3mica, para Econom\u00eda. Ambos ejes fundamentales en el trabajo de investigaci\u00f3n a desarrollarse por los alumnos en cada trimestre de la estructura curricular correspondiente.<\/p>\n[\/vc_column_text][\/vc_column][vc_column width=&#8221;1\/2&#8243;][vc_column_text]\n<p class=\"Estilo55\" align=\"justify\">Las actividades de investigaci\u00f3n de los profesores se organiza en \u00e1reas que definen las caracter\u00edsticas y el funcionamiento de los programas de investigaci\u00f3n del Departamento en general y de los intereses de sus miembros en particular. Dado que el sistema modular identifica a la investigaci\u00f3n como una actividad fundamental en el proceso de ense\u00f1anza-aprendizaje, es importante destacar que la participaci\u00f3n de los profesores en la pr\u00e1ctica docente de las dos licenciaturas se vincula con su trabajo desarrollado en las \u00e1reas de investigaci\u00f3n, concretado con su participaci\u00f3n en congresos, seminarios y en diversos foros de an\u00e1lisis y discusi\u00f3n donde se presenta el personal acad\u00e9mico del Departamento.<\/p>\n[\/vc_column_text][\/vc_column][\/vc_row][vc_row][vc_column]<div class=\"vcex-module vcex-heading vcex-heading-plain\"><span class=\"vcex-heading-inner clr\">Jefes del Departamento<\/span><\/div><div class=\"vcex-spacing\" style=\"height:20px\"><\/div><div class=\"vcex-module wpex-carousel wpex-carousel-staff clr owl-carousel arrwstyle-circle\" data-items=\"4\" data-slideby=\"1\" data-nav=\"true\" data-dots=\"true\" data-autoplay=\"true\" data-loop=\"true\" data-autoplay-timeout=\"5000\" data-center=\"false\" data-margin=\"15\" data-items-tablet=\"3\" data-items-mobile-landscape=\"2\" data-items-mobile-portrait=\"1\" data-smart-speed=\"150\"><div class=\"wpex-carousel-slide wpex-clr\"><div class=\"wpex-carousel-entry-media clr\"><a href=\"https:\/\/dcsh.xoc.uam.mx\/prodecon\/index.php\/staff-member\/jaime-aboites-aguilar\/\" title=\"Dr. Jaime Aboites Aguilar\" class=\"wpex-carousel-entry-img\"><img loading=\"lazy\" decoding=\"async\" width=\"280\" height=\"300\" src=\"https:\/\/dcsh.xoc.uam.mx\/prodecon\/wp-content\/uploads\/2020\/11\/Jaime_Aboites.jpg\" class=\"skip-lazy\" alt=\"\" data-no-lazy=\"1\" \/><\/a><\/div><div class=\"wpex-carousel-entry-details clr\"><div class=\"wpex-carousel-entry-title entry-title\"><a href=\"https:\/\/dcsh.xoc.uam.mx\/prodecon\/index.php\/staff-member\/jaime-aboites-aguilar\/\">Dr. Jaime Aboites Aguilar<\/a><\/div><div class=\"wpex-carousel-entry-excerpt clr\"><p>Jaime Aboites Aguilar es Ingeniero Civil (ITESM), maestro y doctor en Econom\u00eda (UNAM). Es profesor del Departamento de Producci\u00f3n Econ\u00f3mica de la UAM-Xochimilco y del posgrado en Econom\u00eda de la&hellip;<\/p><\/div><\/div><\/div><div class=\"wpex-carousel-slide wpex-clr\"><div class=\"wpex-carousel-entry-media clr\"><a href=\"https:\/\/dcsh.xoc.uam.mx\/prodecon\/index.php\/staff-member\/juan-manuel-corona-alcantar\/\" title=\"Dr. Juan Manuel Corona Alcantar\" class=\"wpex-carousel-entry-img\"><img loading=\"lazy\" decoding=\"async\" width=\"280\" height=\"300\" src=\"https:\/\/dcsh.xoc.uam.mx\/prodecon\/wp-content\/uploads\/2020\/11\/JMCA.jpg\" class=\"skip-lazy\" alt=\"\" data-no-lazy=\"1\" \/><\/a><\/div><div class=\"wpex-carousel-entry-details clr\"><div class=\"wpex-carousel-entry-title entry-title\"><a href=\"https:\/\/dcsh.xoc.uam.mx\/prodecon\/index.php\/staff-member\/juan-manuel-corona-alcantar\/\">Dr. Juan Manuel Corona Alcantar<\/a><\/div><div class=\"wpex-carousel-entry-excerpt clr\"><p>Juan Manuel Corona obtuvo su grado de licenciatura en econom\u00eda en la Facultad de Econom\u00eda de la Universidad Nacional Aut\u00f3noma de M\u00e9xico, y el grado de Maestro en Econom\u00eda y&hellip;<\/p><\/div><\/div><\/div><div class=\"wpex-carousel-slide wpex-clr\"><div class=\"wpex-carousel-entry-media clr\"><a href=\"https:\/\/dcsh.xoc.uam.mx\/prodecon\/index.php\/staff-member\/carlos-hernandez-gomez\/\" title=\"Mtro. Carlos Alfonso Hern\u00e1ndez G\u00f3mez\" class=\"wpex-carousel-entry-img\"><img loading=\"lazy\" decoding=\"async\" width=\"280\" height=\"300\" src=\"https:\/\/dcsh.xoc.uam.mx\/prodecon\/wp-content\/uploads\/2020\/11\/uam_prof.jpg\" class=\"skip-lazy\" alt=\"\" data-no-lazy=\"1\" srcset=\"https:\/\/dcsh.xoc.uam.mx\/prodecon\/wp-content\/uploads\/2020\/11\/uam_prof.jpg 280w, https:\/\/dcsh.xoc.uam.mx\/prodecon\/wp-content\/uploads\/2020\/11\/uam_prof-140x150.jpg 140w\" sizes=\"auto, (max-width: 280px) 100vw, 280px\" \/><\/a><\/div><div class=\"wpex-carousel-entry-details clr\"><div class=\"wpex-carousel-entry-title entry-title\"><a href=\"https:\/\/dcsh.xoc.uam.mx\/prodecon\/index.php\/staff-member\/carlos-hernandez-gomez\/\">Mtro. Carlos Alfonso Hern\u00e1ndez G\u00f3mez<\/a><\/div><div class=\"wpex-carousel-entry-excerpt clr\"><p>Carlos A. Hern\u00e1ndez obtuvo el grado de licenciatura en Econom\u00eda en la Universidad Aut\u00f3noma Metropolitana Unidad Xochimilco. Se gradu\u00f3 como Maestro en el Programa de Econom\u00eda y Gesti\u00f3n del Cambio&hellip;<\/p><\/div><\/div><\/div><div class=\"wpex-carousel-slide wpex-clr\"><div class=\"wpex-carousel-entry-media clr\"><a href=\"https:\/\/dcsh.xoc.uam.mx\/prodecon\/index.php\/staff-member\/angelica-buendia-espinosa\/\" title=\"Dra. Ang\u00e9lica Buend\u00eda Espinosa\" class=\"wpex-carousel-entry-img\"><img loading=\"lazy\" decoding=\"async\" width=\"280\" height=\"300\" src=\"https:\/\/dcsh.xoc.uam.mx\/prodecon\/wp-content\/uploads\/2020\/11\/ABE.jpg\" class=\"skip-lazy\" alt=\"\" data-no-lazy=\"1\" \/><\/a><\/div><div class=\"wpex-carousel-entry-details clr\"><div class=\"wpex-carousel-entry-title entry-title\"><a href=\"https:\/\/dcsh.xoc.uam.mx\/prodecon\/index.php\/staff-member\/angelica-buendia-espinosa\/\">Dra. Ang\u00e9lica Buend\u00eda Espinosa<\/a><\/div><div class=\"wpex-carousel-entry-excerpt clr\"><p>Correo:\u00a0abuendia0531@gmail.com Edificio V, 3er. piso, Jefatura Tel\u00e9fono: 5483 7100<\/p><\/div><\/div><\/div><div class=\"wpex-carousel-slide wpex-clr\"><div class=\"wpex-carousel-entry-media clr\"><a href=\"https:\/\/dcsh.xoc.uam.mx\/prodecon\/index.php\/staff-member\/cuauhtemoc-perez-llanas\/\" title=\"Dr. Cuauht\u00e9moc Vladimir P\u00e9rez Llanas\" class=\"wpex-carousel-entry-img\"><img loading=\"lazy\" decoding=\"async\" width=\"280\" height=\"300\" src=\"https:\/\/dcsh.xoc.uam.mx\/prodecon\/wp-content\/uploads\/2020\/11\/uam_prof.jpg\" class=\"skip-lazy\" alt=\"\" data-no-lazy=\"1\" srcset=\"https:\/\/dcsh.xoc.uam.mx\/prodecon\/wp-content\/uploads\/2020\/11\/uam_prof.jpg 280w, https:\/\/dcsh.xoc.uam.mx\/prodecon\/wp-content\/uploads\/2020\/11\/uam_prof-140x150.jpg 140w\" sizes=\"auto, (max-width: 280px) 100vw, 280px\" \/><\/a><\/div><div class=\"wpex-carousel-entry-details clr\"><div class=\"wpex-carousel-entry-title entry-title\"><a href=\"https:\/\/dcsh.xoc.uam.mx\/prodecon\/index.php\/staff-member\/cuauhtemoc-perez-llanas\/\">Dr. Cuauht\u00e9moc Vladimir P\u00e9rez Llanas<\/a><\/div><\/div><\/div><div class=\"wpex-carousel-slide wpex-clr\"><div class=\"wpex-carousel-entry-media clr\"><a href=\"https:\/\/dcsh.xoc.uam.mx\/prodecon\/index.php\/staff-member\/etelberto-ortiz-cruz\/\" title=\"Dr. Etelberto Ortiz Cruz\" class=\"wpex-carousel-entry-img\"><img loading=\"lazy\" decoding=\"async\" width=\"280\" height=\"300\" src=\"https:\/\/dcsh.xoc.uam.mx\/prodecon\/wp-content\/uploads\/2020\/11\/uam_prof.jpg\" class=\"skip-lazy\" alt=\"\" data-no-lazy=\"1\" srcset=\"https:\/\/dcsh.xoc.uam.mx\/prodecon\/wp-content\/uploads\/2020\/11\/uam_prof.jpg 280w, https:\/\/dcsh.xoc.uam.mx\/prodecon\/wp-content\/uploads\/2020\/11\/uam_prof-140x150.jpg 140w\" sizes=\"auto, (max-width: 280px) 100vw, 280px\" \/><\/a><\/div><div class=\"wpex-carousel-entry-details clr\"><div class=\"wpex-carousel-entry-title entry-title\"><a href=\"https:\/\/dcsh.xoc.uam.mx\/prodecon\/index.php\/staff-member\/etelberto-ortiz-cruz\/\">Dr. Etelberto Ortiz Cruz<\/a><\/div><\/div><\/div><div class=\"wpex-carousel-slide wpex-clr\"><div class=\"wpex-carousel-entry-media clr\"><a href=\"https:\/\/dcsh.xoc.uam.mx\/prodecon\/index.php\/staff-member\/graciela-carrillo-gonzalez\/\" title=\"Dra. Graciela Carrillo Gonz\u00e1lez\" class=\"wpex-carousel-entry-img\"><img loading=\"lazy\" decoding=\"async\" width=\"280\" height=\"300\" src=\"https:\/\/dcsh.xoc.uam.mx\/prodecon\/wp-content\/uploads\/2020\/11\/GCG-1.jpg\" class=\"skip-lazy\" alt=\"\" data-no-lazy=\"1\" \/><\/a><\/div><div class=\"wpex-carousel-entry-details clr\"><div class=\"wpex-carousel-entry-title entry-title\"><a href=\"https:\/\/dcsh.xoc.uam.mx\/prodecon\/index.php\/staff-member\/graciela-carrillo-gonzalez\/\">Dra. Graciela Carrillo Gonz\u00e1lez<\/a><\/div><div class=\"wpex-carousel-entry-excerpt clr\"><p>Contacto<\/p><\/div><\/div><\/div><div class=\"wpex-carousel-slide wpex-clr\"><div class=\"wpex-carousel-entry-media clr\"><a href=\"https:\/\/dcsh.xoc.uam.mx\/prodecon\/index.php\/staff-member\/federico-novelo-urdanivia\/\" title=\"Dr. Federico Jes\u00fas Novelo Urdanivia\" class=\"wpex-carousel-entry-img\"><img loading=\"lazy\" decoding=\"async\" width=\"280\" height=\"300\" src=\"https:\/\/dcsh.xoc.uam.mx\/prodecon\/wp-content\/uploads\/2020\/11\/FNU.jpg\" class=\"skip-lazy\" alt=\"\" data-no-lazy=\"1\" \/><\/a><\/div><div class=\"wpex-carousel-entry-details clr\"><div class=\"wpex-carousel-entry-title entry-title\"><a href=\"https:\/\/dcsh.xoc.uam.mx\/prodecon\/index.php\/staff-member\/federico-novelo-urdanivia\/\">Dr. Federico Jes\u00fas Novelo Urdanivia<\/a><\/div><div class=\"wpex-carousel-entry-excerpt clr\"><p>Director General Fundador de la revista \"Planeaci\u00f3n y Desarrollo\", Ed. Aleph (1972-1974); Evaluador de resultados del gasto p\u00fablico en el medio rural. Direcci\u00f3n de Inversiones P\u00fablicas, Secretar\u00eda de la Presidencia&hellip;<\/p><\/div><\/div><\/div><div class=\"wpex-carousel-slide wpex-clr\"><div class=\"wpex-carousel-entry-media clr\"><a href=\"https:\/\/dcsh.xoc.uam.mx\/prodecon\/index.php\/staff-member\/carlos-rozo-bernal\/\" title=\"Dr. Carlos A. Rozo Bernal\" class=\"wpex-carousel-entry-img\"><img loading=\"lazy\" decoding=\"async\" width=\"280\" height=\"300\" src=\"https:\/\/dcsh.xoc.uam.mx\/prodecon\/wp-content\/uploads\/2020\/11\/uam_prof.jpg\" class=\"skip-lazy\" alt=\"\" data-no-lazy=\"1\" srcset=\"https:\/\/dcsh.xoc.uam.mx\/prodecon\/wp-content\/uploads\/2020\/11\/uam_prof.jpg 280w, https:\/\/dcsh.xoc.uam.mx\/prodecon\/wp-content\/uploads\/2020\/11\/uam_prof-140x150.jpg 140w\" sizes=\"auto, (max-width: 280px) 100vw, 280px\" \/><\/a><\/div><div class=\"wpex-carousel-entry-details clr\"><div class=\"wpex-carousel-entry-title entry-title\"><a href=\"https:\/\/dcsh.xoc.uam.mx\/prodecon\/index.php\/staff-member\/carlos-rozo-bernal\/\">Dr. Carlos A. Rozo Bernal<\/a><\/div><div class=\"wpex-carousel-entry-excerpt clr\"><p>Profesor de la Universidad Aut\u00f3noma Metropolitana Unidad Xochimilco desde 1975 especializado en econom\u00eda internacional con estudios de licenciatura y de maestr\u00eda en Econom\u00eda en la Universidad de Colorado en Estados&hellip;<\/p><\/div><\/div><\/div><div class=\"wpex-carousel-slide wpex-clr\"><div class=\"wpex-carousel-entry-media clr\"><a href=\"https:\/\/dcsh.xoc.uam.mx\/prodecon\/index.php\/staff-member\/magdalena-saleme-aguilar\/\" title=\"M. en A. Mar\u00eda Magdalena Saleme Aguilar\" class=\"wpex-carousel-entry-img\"><img loading=\"lazy\" decoding=\"async\" width=\"280\" height=\"300\" src=\"https:\/\/dcsh.xoc.uam.mx\/prodecon\/wp-content\/uploads\/2020\/11\/uam_prof.jpg\" class=\"skip-lazy\" alt=\"\" data-no-lazy=\"1\" srcset=\"https:\/\/dcsh.xoc.uam.mx\/prodecon\/wp-content\/uploads\/2020\/11\/uam_prof.jpg 280w, https:\/\/dcsh.xoc.uam.mx\/prodecon\/wp-content\/uploads\/2020\/11\/uam_prof-140x150.jpg 140w\" sizes=\"auto, (max-width: 280px) 100vw, 280px\" \/><\/a><\/div><div class=\"wpex-carousel-entry-details clr\"><div class=\"wpex-carousel-entry-title entry-title\"><a href=\"https:\/\/dcsh.xoc.uam.mx\/prodecon\/index.php\/staff-member\/magdalena-saleme-aguilar\/\">M. en A. Mar\u00eda Magdalena Saleme Aguilar<\/a><\/div><div class=\"wpex-carousel-entry-excerpt clr\"><p>Jefa de Departamento Gesti\u00f3n 2001-2005<\/p><\/div><\/div><\/div><div class=\"wpex-carousel-slide wpex-clr\"><div class=\"wpex-carousel-entry-media clr\"><a href=\"https:\/\/dcsh.xoc.uam.mx\/prodecon\/index.php\/staff-member\/hilda-davila-ibanez\/\" title=\"Lic. Hilda Rosario D\u00e1vila Ib\u00e1\u00f1ez\" class=\"wpex-carousel-entry-img\"><img loading=\"lazy\" decoding=\"async\" width=\"280\" height=\"300\" src=\"https:\/\/dcsh.xoc.uam.mx\/prodecon\/wp-content\/uploads\/2020\/11\/uam_prof.jpg\" class=\"skip-lazy\" alt=\"\" data-no-lazy=\"1\" srcset=\"https:\/\/dcsh.xoc.uam.mx\/prodecon\/wp-content\/uploads\/2020\/11\/uam_prof.jpg 280w, https:\/\/dcsh.xoc.uam.mx\/prodecon\/wp-content\/uploads\/2020\/11\/uam_prof-140x150.jpg 140w\" sizes=\"auto, (max-width: 280px) 100vw, 280px\" \/><\/a><\/div><div class=\"wpex-carousel-entry-details clr\"><div class=\"wpex-carousel-entry-title entry-title\"><a href=\"https:\/\/dcsh.xoc.uam.mx\/prodecon\/index.php\/staff-member\/hilda-davila-ibanez\/\">Lic. Hilda Rosario D\u00e1vila Ib\u00e1\u00f1ez<\/a><\/div><div class=\"wpex-carousel-entry-excerpt clr\"><p>Jefa de Departamento Gesti\u00f3n 1989-1993<\/p><\/div><\/div><\/div><\/div>[\/vc_column][\/vc_row][vc_section][vc_row][vc_column width=&#8221;1\/4&#8243;][\/vc_column][vc_column width=&#8221;1\/4&#8243;][\/vc_column][vc_column width=&#8221;1\/4&#8243;][\/vc_column][vc_column width=&#8221;1\/4&#8243;][\/vc_column][\/vc_row][\/vc_section]\n","protected":false},"excerpt":{"rendered":"<p>[vc_row css=&#8221;.vc_custom_1456355408550{margin-top: 40px !important;}&#8221;][vc_column][\/vc_column][\/vc_row][vc_row][vc_column width=&#8221;1\/2&#8243;][vc_column_text] El Departamento de Producci\u00f3n Econ\u00f3mica inici\u00f3 sus actividades en 1975 con los primeros planes de estudio de las licenciaturas de Administraci\u00f3n y Econom\u00eda en la Unidad Xochimilco. Desde entonces, los profesores-investigadores del Departamento participan constantemente&hellip;<\/p>\n","protected":false},"author":1,"featured_media":0,"parent":0,"menu_order":0,"comment_status":"closed","ping_status":"closed","template":"","meta":{"footnotes":""},"class_list":["post-243","page","type-page","status-publish","hentry","entry","no-media"],"_links":{"self":[{"href":"https:\/\/dcsh.xoc.uam.mx\/prodecon\/index.php\/wp-json\/wp\/v2\/pages\/243","targetHints":{"allow":["GET"]}}],"collection":[{"href":"https:\/\/dcsh.xoc.uam.mx\/prodecon\/index.php\/wp-json\/wp\/v2\/pages"}],"about":[{"href":"https:\/\/dcsh.xoc.uam.mx\/prodecon\/index.php\/wp-json\/wp\/v2\/types\/page"}],"author":[{"embeddable":true,"href":"https:\/\/dcsh.xoc.uam.mx\/prodecon\/index.php\/wp-json\/wp\/v2\/users\/1"}],"replies":[{"embeddable":true,"href":"https:\/\/dcsh.xoc.uam.mx\/prodecon\/index.php\/wp-json\/wp\/v2\/comments?post=243"}],"version-history":[{"count":17,"href":"https:\/\/dcsh.xoc.uam.mx\/prodecon\/index.php\/wp-json\/wp\/v2\/pages\/243\/revisions"}],"predecessor-version":[{"id":13804,"href":"https:\/\/dcsh.xoc.uam.mx\/prodecon\/index.php\/wp-json\/wp\/v2\/pages\/243\/revisions\/13804"}],"wp:attachment":[{"href":"https:\/\/dcsh.xoc.uam.mx\/prodecon\/index.php\/wp-json\/wp\/v2\/media?parent=243"}],"curies":[{"name":"wp","href":"https:\/\/api.w.org\/{rel}","templated":true}]}}