{"id":2245,"date":"2020-05-06T19:41:34","date_gmt":"2020-05-06T19:41:34","guid":{"rendered":"http:\/\/dcsh.xoc.uam.mx\/prodecon\/?page_id=2245"},"modified":"2020-05-08T22:50:54","modified_gmt":"2020-05-08T22:50:54","slug":"comunicacion-institucional","status":"publish","type":"page","link":"https:\/\/dcsh.xoc.uam.mx\/prodecon\/index.php\/comunicacion-institucional\/","title":{"rendered":"Comunicaci\u00f3n institucional"},"content":{"rendered":"[vc_row][vc_column][vc_column_text]\n<h3 style=\"text-align: center;\"><span style=\"text-decoration: underline;\"><span style=\"color: #0000ff;\"><a style=\"color: #0000ff;\" href=\"https:\/\/contigoencasa.xoc.uam.mx\/valida-correo.html\" target=\"_blank\" rel=\"noopener noreferrer\"><strong><span style=\"font-size: 16px;\">Validaci\u00f3n de correo electr\u00f3nico institucional<\/span><\/strong><\/a><\/span><\/span><\/h3>\n<h3 style=\"text-align: center;\"><span style=\"font-size: 16px;\"><strong><span style=\"color: #000000;\">Alumnos. Dudas sobre procesos escolares<\/span><\/strong><\/span><br \/>\n<span style=\"font-size: 14px; color: #0000ff;\">ataa@correo.xoc.uam.mx<\/span><\/h3>\n<p style=\"text-align: center;\"><span style=\"font-size: 16px;\"><strong><span style=\"color: #000000;\">Alumnos. Dudas sobre tr\u00e1mites escolares<\/span><\/strong><\/span><br \/>\n<span style=\"font-size: 14px; color: #0000ff;\">miesc@correo.xoc.uam.mx<\/span><\/p>\n<h3 style=\"text-align: center;\"><span style=\"font-size: 16px;\"><strong><span style=\"color: #000000;\">Atenci\u00f3n a egresados<\/span><\/strong><\/span><br \/>\n<span style=\"font-size: 14px; color: #0000ff;\">titulos@correo.xoc.uam.mx<\/span><\/h3>\n<h3 style=\"text-align: center;\"><strong><span style=\"font-size: 16px; color: #000000;\">Oficina de Acompa\u00f1amiento a la Trayectoria Acad\u00e9mica de los Alumnos. Dudas que han surgido a la comunidad. <\/span><\/strong><\/h3>\n<h3 style=\"text-align: center;\"><span style=\"font-size: 14px; color: #0000ff;\">atta@correo.xoc.uam.mx<\/span><\/h3>\n<h3 style=\"text-align: center;\"><span style=\"font-size: 16px;\"><strong><span style=\"color: #000000;\">Profesores y Alumnos. Recuperaci\u00f3n de contrase\u00f1a para correo electr\u00f3nico institucional<\/span><\/strong><\/span><br \/>\n<span style=\"font-size: 14px; color: #0000ff;\">saat@correo.xoc.uam.mx<\/span><\/h3>\n<h3 style=\"text-align: center;\"><span style=\"font-size: 16px;\"><strong><span style=\"color: #000000;\">Informaci\u00f3n sobre cursos y talleres de herramientas de tecnolog\u00eda educativa<\/span><\/strong><\/span><\/h3>\n<h3 style=\"text-align: center;\"><span style=\"font-size: 14px;\">&#8211; <span style=\"color: #000000;\">CECAD<\/span> <span style=\"color: #0000ff;\">(soporte.virtuam-x@correo.xoc.uam.mx)<\/span><\/span><\/h3>\n<h3 style=\"text-align: center;\"><span style=\"font-size: 14px;\">&#8211; <span style=\"color: #000000;\">Coordinaci\u00f3n de Docencia<\/span> <span style=\"color: #0000ff;\">(contigodocente@correo.xoc.uam.mx)<\/span><\/span><\/h3>\n<h3 style=\"text-align: center;\"><strong style=\"font-size: 16px;\"><span style=\"color: #000000;\">Preguntas y dudas sobre la plataforma ENVIA<\/span><\/strong><\/h3>\n<h3 style=\"text-align: center;\"><span style=\"font-size: 14px; color: #0000ff;\">envia3@correo.xoc.uam.mx<\/span><\/h3>\n<h3 style=\"text-align: center;\"><span style=\"font-size: 16px;\"><strong><span style=\"color: #000000;\">Preguntas y dudas sobre la plataforma Zoom<\/span><\/strong><\/span><br \/>\n<span style=\"font-size: 14px; color: #0000ff;\">zoom@correo.xoc.uam.mx<\/span><\/h3>\n<h3 style=\"text-align: center;\"><span style=\"font-size: 16px;\"><strong><span style=\"color: #000000;\">Dudas espec\u00edficas sobre la docencia en las divisiones<\/span><\/strong><\/span><\/h3>\n<h3 style=\"text-align: center;\"><span style=\"font-size: 14px;\"><span style=\"color: #000000;\">&#8211; Ciencias y Artes para el Dise\u00f1o <\/span><span style=\"color: #0000ff;\">(sacyad@correo.xoc.uam.mx\u00a0)<\/span><\/span><\/h3>\n<h3 style=\"text-align: center;\"><span style=\"font-size: 14px;\"><span style=\"color: #000000;\">&#8211; Ciencias Biol\u00f3gicas y de la Salud<\/span>\u00a0<span style=\"color: #0000ff;\">(gecbs@correo.xoc.uam.mx)<\/span><\/span><\/h3>\n<h3 style=\"text-align: center;\"><span style=\"font-size: 14px;\"><span style=\"color: #000000;\">&#8211; Ciencias Sociales y Humanidades<\/span>\u00a0<span style=\"color: #0000ff;\">(gestdcsh@correo.xoc.uam.mx)<\/span><\/span><\/h3>\n<h3 style=\"text-align: center;\"><span style=\"font-size: 16px;\"><strong><span style=\"color: #000000;\">Coordinaciones de licenciaturas<\/span><\/strong><\/span><\/h3>\n<h3 style=\"text-align: center;\"><span style=\"color: #000000; font-size: 14px;\">&#8211; Licenciatura en administraci\u00f3n <span style=\"color: #0000ff;\">(cadmon.uamx@gmail.com)<\/span><\/span><\/h3>\n<h3 style=\"text-align: center;\"><span style=\"color: #000000; font-size: 14px;\">&#8211; Licenciatura en econom\u00eda <span style=\"color: #0000ff;\">(coordinacion.economia.uamx@gmail.com)<\/span><\/span><\/h3>\n[\/vc_column_text][\/vc_column][\/vc_row]\n","protected":false},"excerpt":{"rendered":"<p>[vc_row][vc_column][vc_column_text] Validaci\u00f3n de correo electr\u00f3nico institucional Alumnos. Dudas sobre procesos escolares ataa@correo.xoc.uam.mx Alumnos. Dudas sobre tr\u00e1mites escolares miesc@correo.xoc.uam.mx Atenci\u00f3n a egresados titulos@correo.xoc.uam.mx Oficina de Acompa\u00f1amiento a la Trayectoria Acad\u00e9mica de los Alumnos. Dudas que han surgido a la comunidad. atta@correo.xoc.uam.mx&hellip;<\/p>\n","protected":false},"author":1,"featured_media":0,"parent":0,"menu_order":0,"comment_status":"closed","ping_status":"closed","template":"","meta":{"footnotes":""},"class_list":["post-2245","page","type-page","status-publish","hentry","entry","no-media"],"_links":{"self":[{"href":"https:\/\/dcsh.xoc.uam.mx\/prodecon\/index.php\/wp-json\/wp\/v2\/pages\/2245","targetHints":{"allow":["GET"]}}],"collection":[{"href":"https:\/\/dcsh.xoc.uam.mx\/prodecon\/index.php\/wp-json\/wp\/v2\/pages"}],"about":[{"href":"https:\/\/dcsh.xoc.uam.mx\/prodecon\/index.php\/wp-json\/wp\/v2\/types\/page"}],"author":[{"embeddable":true,"href":"https:\/\/dcsh.xoc.uam.mx\/prodecon\/index.php\/wp-json\/wp\/v2\/users\/1"}],"replies":[{"embeddable":true,"href":"https:\/\/dcsh.xoc.uam.mx\/prodecon\/index.php\/wp-json\/wp\/v2\/comments?post=2245"}],"version-history":[{"count":4,"href":"https:\/\/dcsh.xoc.uam.mx\/prodecon\/index.php\/wp-json\/wp\/v2\/pages\/2245\/revisions"}],"predecessor-version":[{"id":2366,"href":"https:\/\/dcsh.xoc.uam.mx\/prodecon\/index.php\/wp-json\/wp\/v2\/pages\/2245\/revisions\/2366"}],"wp:attachment":[{"href":"https:\/\/dcsh.xoc.uam.mx\/prodecon\/index.php\/wp-json\/wp\/v2\/media?parent=2245"}],"curies":[{"name":"wp","href":"https:\/\/api.w.org\/{rel}","templated":true}]}}