{"id":204,"date":"2019-05-28T20:15:39","date_gmt":"2019-05-28T20:15:39","guid":{"rendered":"http:\/\/dcsh.xoc.uam.mx\/prodecon\/?page_id=204"},"modified":"2025-06-03T19:31:14","modified_gmt":"2025-06-03T19:31:14","slug":"presentacion","status":"publish","type":"page","link":"https:\/\/dcsh.xoc.uam.mx\/prodecon\/index.php\/presentacion\/","title":{"rendered":"Presentaci\u00f3n"},"content":{"rendered":"[vc_row css=&#8221;.vc_custom_1456355415446{margin-bottom: 60px !important;}&#8221;][vc_column][vc_single_image image=&#8221;12925&#8243; css_animation=&#8221;fadeIn&#8221;][\/vc_column][\/vc_row][vc_row][vc_column][vc_separator color=&#8221;mulled_wine&#8221; border_width=&#8221;3&#8243; css_animation=&#8221;fadeIn&#8221;][\/vc_column][\/vc_row][vc_row][vc_column][vc_column_text]\n<p class=\"Estilo63\" align=\"justify\">El Departamento de Producci\u00f3n Econ\u00f3mica (DPE) re\u00fane a un conjunto de profesores-investigadores de alto nivel\u00a0 acad\u00e9mico, especialistas en el estudio de diversas tem\u00e1ticas y problemas vinculados al campo de las Ciencias Econ\u00f3mico Administrativas.<br \/>\nLa generaci\u00f3n y aplicaci\u00f3n de conocimientos en el DPE se integra en tres l\u00edneas troncales de investigaci\u00f3n cuyos \u00e1mbitos de estudio se centran en el an\u00e1lisis de:<\/p>\n<div class=\"Estilo64\" align=\"justify\">\n<ol class=\"Estilo59\">\n<li class=\"Estilo65\">La din\u00e1mica y evoluci\u00f3n de las organizaciones (p\u00fablicas y privadas y civiles) en un contexto de transformaci\u00f3n institucional y de apertura comercial y financiera.<\/li>\n<li class=\"Estilo65\">Las pol\u00edticas p\u00fablicas (econ\u00f3mica, social, cient\u00edfica y tecnol\u00f3gica) micro y macroecon\u00f3micas para la construcci\u00f3n de marcos anal\u00edticos que conduzcan al entendimientos de los factores que determinan el crecimiento y el desarrollo de los sectores sociales y productivos.<\/li>\n<li class=\"Estilo65\">Los efectos de las interrelaciones comerciales y financieras de los diversos sectores de la econom\u00eda que se derivan de la dualidad integraci\u00f3n\/globalizaci\u00f3n.<\/li>\n<\/ol>\n<\/div>\n[\/vc_column_text][\/vc_column][\/vc_row][vc_row full_width=&#8221;stretch_row&#8221; css=&#8221;.vc_custom_1456350084138{border-top-width: 1px !important;border-bottom-width: 1px !important;padding-top: 70px !important;padding-bottom: 60px !important;background-color: #f3f1eb !important;border-top-color: #e6e2d6 !important;border-top-style: solid !important;border-bottom-color: #e6e2d6 !important;border-bottom-style: solid !important;}&#8221;][vc_column width=&#8221;1\/2&#8243;][vc_column_text]\n<p class=\"Estilo63\" align=\"justify\">El programa de investigaci\u00f3n en el DPE se organiza en nueve \u00e1reas:<\/p>\n<div class=\"Estilo64\" align=\"justify\">\n<ul class=\"Estilo59\">\n<li class=\"Estilo65\"><a href=\"http:\/\/dcsh.xoc.uam.mx\/prodecon\/index.php\/area-de-agseo\/\">An\u00e1lisis y Gesti\u00f3n Socio-Econ\u00f3mica de las Organizaciones<\/a><\/li>\n<li><a href=\"http:\/\/dcsh.xoc.uam.mx\/prodecon\/index.php\/area-de-desigualdad-y-transformacion-social\/\">Desigualdad y Transformaci\u00f3n Social<\/a><\/li>\n<li class=\"Estilo65\"><a href=\"http:\/\/dcsh.xoc.uam.mx\/prodecon\/index.php\/area-de-eadrc\/\">Econom\u00eda Agraria, Desarrollo Rural y Campesinado<\/a><\/li>\n<li class=\"Estilo65\"><a href=\"http:\/\/dcsh.xoc.uam.mx\/prodecon\/index.php\/area-de-ego\/\">Estrategia y Gesti\u00f3n de las Organizaciones<\/a><\/li>\n<li class=\"Estilo65\"><a href=\"http:\/\/dcsh.xoc.uam.mx\/prodecon\/index.php\/area-de-eii\/\">Econom\u00eda Industrial e Innovaci\u00f3n<\/a><\/li>\n<li class=\"Estilo65\"><a href=\"http:\/\/dcsh.xoc.uam.mx\/prodecon\/index.php\/area-de-mdce\/\">Macroeconom\u00eda Din\u00e1mica y Cambio Estructural<\/a><\/li>\n<li><a href=\"http:\/\/dcsh.xoc.uam.mx\/prodecon\/index.php\/area-de-memcs\/\">Modelaci\u00f3n y Educaci\u00f3n Matem\u00e1tica en las Ciencias Sociales<\/a><\/li>\n<li class=\"Estilo65\"><a href=\"http:\/\/dcsh.xoc.uam.mx\/prodecon\/index.php\/area-de-ped\/\" rel=\"noopener noreferrer\">Pol\u00edtica Econ\u00f3mica y Desarrollo<\/a><\/li>\n<li class=\"Estilo65\"><a href=\"http:\/\/dcsh.xoc.uam.mx\/prodecon\/index.php\/area-de-sem\/\">Sistema Econ\u00f3mico Mundial<\/a><\/li>\n<\/ul>\n<\/div>\n<p class=\"EstiloCuerpoTexto\" style=\"text-align: justify;\" align=\"justify\"><span class=\"Estilo64\">En cada una de las nueve \u00e1reas de investigaci\u00f3n se desarrolla de manera permanente actividades acad\u00e9micas orientadas a la discusi\u00f3n y fortalecimiento de la investigaci\u00f3n b\u00e1sica y\/o aplicada que desarrollan cada uno de los integrantes del \u00e1rea.<\/span><\/p>\n[\/vc_column_text][\/vc_column][vc_column width=&#8221;1\/2&#8243;][vc_column_text]\n<p style=\"text-align: justify;\">Los procesos y resultados de la investigaci\u00f3n hoy en d\u00eda son un referente a nivel nacional e internacional para el entendimiento de diversos fen\u00f3menos propios de las Ciencias Econ\u00f3mico Administrativas. Las conclusiones derivadas de las investigaciones que desarrollan los especialistas del DPE, ofrecen alternativas para el entendimiento y la soluci\u00f3n de algunos de los problemas que enfrenta la sociedad contempor\u00e1nea.<\/p>\n<p style=\"text-align: justify;\">La misi\u00f3n del DPE se orienta hacia el desarrollo de programas de investigaci\u00f3n de frontera para el entendimiento de los fen\u00f3menos econ\u00f3micos y organizacionales desde una perspectiva multidisciplinaria. Con una visi\u00f3n cr\u00edtica y propositiva, los productos de la investigaci\u00f3n permiten la construcci\u00f3n de escenarios anal\u00edticos para incidir de manera positiva en la soluci\u00f3n de problemas socialmente relevantes desde una perspectiva hist\u00f3rica, sist\u00e9mica y estructural.<\/p>\n[\/vc_column_text][\/vc_column][\/vc_row]\n","protected":false},"excerpt":{"rendered":"<p>[vc_row css=&#8221;.vc_custom_1456355415446{margin-bottom: 60px !important;}&#8221;][vc_column][vc_single_image image=&#8221;12925&#8243; css_animation=&#8221;fadeIn&#8221;][\/vc_column][\/vc_row][vc_row][vc_column][vc_separator color=&#8221;mulled_wine&#8221; border_width=&#8221;3&#8243; css_animation=&#8221;fadeIn&#8221;][\/vc_column][\/vc_row][vc_row][vc_column][vc_column_text] El Departamento de Producci\u00f3n Econ\u00f3mica (DPE) re\u00fane a un conjunto de profesores-investigadores de alto nivel\u00a0 acad\u00e9mico, especialistas en el estudio de diversas tem\u00e1ticas y problemas vinculados al campo de las Ciencias&hellip;<\/p>\n","protected":false},"author":1,"featured_media":0,"parent":0,"menu_order":0,"comment_status":"closed","ping_status":"closed","template":"","meta":{"footnotes":""},"class_list":["post-204","page","type-page","status-publish","hentry","entry","no-media"],"_links":{"self":[{"href":"https:\/\/dcsh.xoc.uam.mx\/prodecon\/index.php\/wp-json\/wp\/v2\/pages\/204","targetHints":{"allow":["GET"]}}],"collection":[{"href":"https:\/\/dcsh.xoc.uam.mx\/prodecon\/index.php\/wp-json\/wp\/v2\/pages"}],"about":[{"href":"https:\/\/dcsh.xoc.uam.mx\/prodecon\/index.php\/wp-json\/wp\/v2\/types\/page"}],"author":[{"embeddable":true,"href":"https:\/\/dcsh.xoc.uam.mx\/prodecon\/index.php\/wp-json\/wp\/v2\/users\/1"}],"replies":[{"embeddable":true,"href":"https:\/\/dcsh.xoc.uam.mx\/prodecon\/index.php\/wp-json\/wp\/v2\/comments?post=204"}],"version-history":[{"count":19,"href":"https:\/\/dcsh.xoc.uam.mx\/prodecon\/index.php\/wp-json\/wp\/v2\/pages\/204\/revisions"}],"predecessor-version":[{"id":12934,"href":"https:\/\/dcsh.xoc.uam.mx\/prodecon\/index.php\/wp-json\/wp\/v2\/pages\/204\/revisions\/12934"}],"wp:attachment":[{"href":"https:\/\/dcsh.xoc.uam.mx\/prodecon\/index.php\/wp-json\/wp\/v2\/media?parent=204"}],"curies":[{"name":"wp","href":"https:\/\/api.w.org\/{rel}","templated":true}]}}