{"id":11,"date":"2016-02-20T23:49:41","date_gmt":"2016-02-20T23:49:41","guid":{"rendered":"http:\/\/totaltheme.wpengine.com\/sustainable\/?page_id=11"},"modified":"2026-02-26T20:06:26","modified_gmt":"2026-02-26T20:06:26","slug":"home-2-2","status":"publish","type":"page","link":"https:\/\/dcsh.xoc.uam.mx\/prodecon\/","title":{"rendered":"Home"},"content":{"rendered":"[vc_section css_animation=&#8221;fadeIn&#8221; full_width=&#8221;stretch_row&#8221; content_placement=&#8221;middle&#8221; wpex_fixed_bg=&#8221;fixed&#8221;][vc_row full_width=&#8221;stretch_row_content_no_spaces&#8221; full_height=&#8221;yes&#8221; columns_placement=&#8221;stretch&#8221;][vc_column][vc_column_text css_animation=&#8221;fadeIn&#8221;]\n<p style=\"text-align: center;\">\n[\/vc_column_text][\/vc_column][\/vc_row][vc_row][vc_column width=&#8221;1\/2&#8243;][vc_column_text css_animation=&#8221;fadeInUp&#8221;]\n<p style=\"text-align: center;\">\n[\/vc_column_text][\/vc_column][vc_column width=&#8221;1\/2&#8243;]<div class=\"vcex-heading-link-wrap clr\"><a class=\"vcex-module vcex-heading vcex-heading-plain  wpb_animate_when_almost_visible wpb_fadeInUp fadeInUp\" href=\"https:\/\/dcsh.xoc.uam.mx\/prodecon\/index.php\/fortalecer-lazos-internacionales-la-uam-x-acogio-la-visita-academica-del-prof-piero-esposito\/\" title=\"Fortalecer lazos internacionales: la UAM-X acogi\u00f3 la visita acad\u00e9mica del Prof. Piero Esposito\" style=\"color:#00c4b7;font-weight:600;text-align:left;\"><span class=\"vcex-heading-inner clr\">\"Fortalecer lazos internacionales: la UAM-X acogi\u00f3 la visita acad\u00e9mica del Prof. Piero Esposito\"<\/span><\/a><\/div>[vc_column_text css_animation=&#8221;fadeInUp&#8221;]\n<p style=\"text-align: justify;\"><em>Estudiantes e investigadores interesados en actividades de intercambio con la Universidad de Cassino en Italia pueden solicitar informaci\u00f3n a la Jefatura del Departamento de Producci\u00f3n Econ\u00f3mica (DPE).<\/em><\/p>\n<p style=\"text-align: justify;\">Entre el 4 y el 18 de febrero de 2026, la Universidad Aut\u00f3noma Metropolitana, Unidad Xochimilco (UAM-X) recibi\u00f3 al Prof. Piero Esposito, acad\u00e9mico de la Universit\u00e0 di Cassino e del Lazio Meridionale, en una visita orientada a fortalecer la cooperaci\u00f3n internacional, enriquecer la docencia y consolidar v\u00ednculos para proyectos conjuntos.<\/p>\n[\/vc_column_text][vc_btn title=&#8221;Ver+&#8221; css_animation=&#8221;fadeInUp&#8221; link=&#8221;url:https%3A%2F%2Fdcsh.xoc.uam.mx%2Fprodecon%2Findex.php%2Ffortalecer-lazos-internacionales-la-uam-x-acogio-la-visita-academica-del-prof-piero-esposito%2F|title:Fortalecer%20lazos%20internacionales%3A%20la%20UAM-X%20acogi%C3%B3%20la%20visita%20acad%C3%A9mica%20del%20Prof.%20Piero%20Esposito&#8221;][\/vc_column][\/vc_row][\/vc_section][vc_section full_width=&#8221;stretch_row&#8221; parallax=&#8221;content-moving&#8221; css=&#8221;.vc_custom_1754595424571{background-color: #ffffff !important;background-position: 0 0 !important;background-repeat: repeat !important;}&#8221;][vc_row][vc_column][vc_separator color=&#8221;orange&#8221; border_width=&#8221;2&#8243;][\/vc_column][\/vc_row][vc_row][vc_column width=&#8221;1\/6&#8243;][\/vc_column][vc_column width=&#8221;1\/6&#8243;][vc_column_text]\n<h1 style=\"text-align: center;\"><span style=\"font-size: 36px; color: #2c8a94;\"><strong>Novedades<\/strong><\/span><span style=\"font-size: 36px; color: #2c8a94;\"><strong>|<br \/>\n<\/strong><\/span><span style=\"font-size: 36px; color: #2c8a94;\"><strong>editoriales<\/strong><\/span><\/h1>\n[\/vc_column_text][vc_icon icon_fontawesome=&#8221;fas fa-pen-nib&#8221; color=&#8221;peacoc&#8221; background_style=&#8221;rounded&#8221; size=&#8221;xl&#8221; align=&#8221;center&#8221; css_animation=&#8221;rotateInUpRight&#8221;][\/vc_column][vc_column width=&#8221;1\/6&#8243;][\/vc_column][vc_column width=&#8221;1\/2&#8243;][vc_column_text]\n<p style=\"text-align: center;\">\n[\/vc_column_text][\/vc_column][\/vc_row][\/vc_section][vc_section full_width=&#8221;stretch_row&#8221; wpex_post_thumbnail_bg=&#8221;true&#8221; css=&#8221;.vc_custom_1724204131458{background-color: #ffffff !important;background-position: center !important;background-repeat: no-repeat !important;background-size: cover !important;}&#8221;][vc_row][vc_column][vc_separator color=&#8221;orange&#8221; border_width=&#8221;2&#8243;][\/vc_column][\/vc_row][vc_row][vc_column width=&#8221;1\/2&#8243;][vc_column_text]\n<p style=\"text-align: center;\">\n[\/vc_column_text][\/vc_column][vc_column width=&#8221;1\/6&#8243;][\/vc_column][vc_column width=&#8221;1\/6&#8243;][vc_column_text]\n<h1 style=\"text-align: left;\"><span style=\"font-size: 36px; color: #2c8a94;\"><strong>|Ver<br \/>\nde nuevo<\/strong><\/span><\/h1>\n[\/vc_column_text][vc_icon icon_fontawesome=&#8221;fas fa-video&#8221; color=&#8221;peacoc&#8221; background_style=&#8221;rounded&#8221; size=&#8221;xl&#8221; align=&#8221;center&#8221; css_animation=&#8221;rotateInUpRight&#8221;][\/vc_column][vc_column width=&#8221;1\/6&#8243;][\/vc_column][\/vc_row][vc_row][vc_column][vc_separator color=&#8221;orange&#8221; border_width=&#8221;2&#8243;][\/vc_column][\/vc_row][\/vc_section][vc_section full_width=&#8221;stretch_row&#8221; wpex_post_thumbnail_bg=&#8221;true&#8221; css=&#8221;.vc_custom_1724204131458{background-color: #ffffff !important;background-position: center !important;background-repeat: no-repeat !important;background-size: cover !important;}&#8221;][vc_row][vc_column][vc_video link=&#8221;https:\/\/www.youtube.com\/watch?v=4DoyrfRX5YU&#038;list=PLLYD2qbK_hDuQncNnTpV_em9_9_g_nX9v&#038;index=1&#8243; el_width=&#8221;90&#8243; el_aspect=&#8221;235&#8243; align=&#8221;center&#8221; css_animation=&#8221;fadeInUp&#8221;][\/vc_column][\/vc_row][vc_row][vc_column][vc_separator color=&#8221;orange&#8221; border_width=&#8221;2&#8243;][\/vc_column][\/vc_row][vc_row][vc_column width=&#8221;1\/5&#8243;][vc_column_text css_animation=&#8221;rotateInDownRight&#8221;]\n<h1 style=\"text-align: center;\"><span style=\"font-size: 36px;\"><strong><span style=\"color: #33cccc;\">| Redes<br \/>\nsociales<\/span><\/strong><\/span><\/h1>\n[\/vc_column_text][vc_icon icon_fontawesome=&#8221;fas fa-share-alt&#8221; color=&#8221;turquoise&#8221; background_style=&#8221;rounded&#8221; size=&#8221;xl&#8221; align=&#8221;center&#8221; css_animation=&#8221;rotateInUpRight&#8221;][\/vc_column][vc_column width=&#8221;1\/5&#8243;]<div class=\"vcex-spacing\" style=\"height:60px\"><\/div>[vc_single_image image=&#8221;11232&#8243; img_size=&#8221;100&#215;100&#8243; css_animation=&#8221;bounceIn&#8221; alignment=&#8221;center&#8221; onclick=&#8221;custom_link&#8221; img_link_target=&#8221;_blank&#8221; img_filter=&#8221;grayscale&#8221; img_hover=&#8221;shrink&#8221; link=&#8221;https:\/\/www.facebook.com\/dpe.uam.xoc&#8221;][\/vc_column][vc_column width=&#8221;1\/5&#8243;]<div class=\"vcex-spacing\" style=\"height:60px\"><\/div>[vc_single_image image=&#8221;11335&#8243; img_size=&#8221;100&#215;100&#8243; css_animation=&#8221;bounceIn&#8221; alignment=&#8221;center&#8221; onclick=&#8221;custom_link&#8221; img_link_target=&#8221;_blank&#8221; img_filter=&#8221;grayscale&#8221; img_hover=&#8221;shrink&#8221; link=&#8221;https:\/\/mailchi.mp\/2f5555c431f8\/prodecomunica-no-117-lunes-02-de-septiembre-de-2024&#8243;][\/vc_column][vc_column width=&#8221;1\/5&#8243;]<div class=\"vcex-spacing\" style=\"height:60px\"><\/div>[vc_single_image image=&#8221;11233&#8243; img_size=&#8221;100&#215;100&#8243; css_animation=&#8221;bounceIn&#8221; alignment=&#8221;center&#8221; onclick=&#8221;custom_link&#8221; img_link_target=&#8221;_blank&#8221; img_filter=&#8221;grayscale&#8221; img_hover=&#8221;shrink&#8221; link=&#8221;https:\/\/www.youtube.com\/@ProdEcoUAMX\/&#8221;][\/vc_column][vc_column width=&#8221;1\/5&#8243;]<div class=\"vcex-spacing\" style=\"height:60px\"><\/div>[vc_single_image image=&#8221;11231&#8243; img_size=&#8221;100&#215;100&#8243; css_animation=&#8221;bounceIn&#8221; alignment=&#8221;center&#8221; onclick=&#8221;custom_link&#8221; img_link_target=&#8221;_blank&#8221; img_filter=&#8221;grayscale&#8221; img_hover=&#8221;shrink&#8221; link=&#8221;https:\/\/twitter.com\/de_economica&#8221;][\/vc_column][\/vc_row][vc_row][vc_column][vc_separator color=&#8221;orange&#8221; border_width=&#8221;2&#8243;][\/vc_column][\/vc_row][\/vc_section][vc_section parallax=&#8221;content-moving&#8221; parallax_image=&#8221;10967&#8243; wpex_post_thumbnail_bg=&#8221;true&#8221; css=&#8221;.vc_custom_1719862595289{background-color: rgba(30,115,190,0.04) !important;*background-color: rgb(30,115,190) !important;}&#8221;][vc_row][vc_column][vc_column_text css_animation=&#8221;fadeIn&#8221;]\n<h1 style=\"text-align: center;\"><span style=\"font-size: 36px; color: #2c8a94;\"><strong>Explora nuestro sitio<\/strong><\/span><\/h1>\n[\/vc_column_text][\/vc_column][\/vc_row][vc_row css=&#8221;.vc_custom_1719862438838{background-position: center !important;background-repeat: no-repeat !important;background-size: cover !important;}&#8221;][vc_column css_animation=&#8221;fadeIn&#8221; parallax=&#8221;content-moving&#8221; parallax_speed_bg=&#8221;1&#8243; width=&#8221;1\/3&#8243;]<div class=\"vcex-spacing\" style=\"height:30px\"><\/div>[vc_column_text css_animation=&#8221;none&#8221;]\n<h1 style=\"text-align: center;\"><a href=\"http:\/\/dcsh.xoc.uam.mx\/prodecon\/index.php\/posgrados-2\/\"><span style=\"font-size: 36px;\"><strong><span style=\"color: #33cccc;\">| Posgrados<\/span><\/strong><\/span><\/a><\/h1>\n[\/vc_column_text]<div class=\"vcex-spacing\" style=\"height:30px\"><\/div>[vc_icon icon_fontawesome=&#8221;fas fa-graduation-cap&#8221; color=&#8221;turquoise&#8221; background_style=&#8221;rounded&#8221; size=&#8221;xl&#8221; align=&#8221;center&#8221; css_animation=&#8221;none&#8221; link=&#8221;url:http%3A%2F%2Fdcsh.xoc.uam.mx%2Fprodecon%2Findex.php%2Fposgrados-2%2F&#8221;][\/vc_column][vc_column css_animation=&#8221;fadeIn&#8221; width=&#8221;1\/3&#8243;]<div class=\"vcex-spacing\" style=\"height:30px\"><\/div>[vc_column_text css_animation=&#8221;none&#8221;]\n<h1 style=\"text-align: center;\"><a href=\"http:\/\/dcsh.xoc.uam.mx\/prodecon\/index.php\/publicaciones\/\"><span style=\"font-size: 36px;\"><strong><span style=\"color: #33cccc;\">| Publicaciones<\/span><\/strong><\/span><\/a><\/h1>\n[\/vc_column_text]<div class=\"vcex-spacing\" style=\"height:30px\"><\/div>[vc_icon icon_fontawesome=&#8221;fas fa-book&#8221; color=&#8221;turquoise&#8221; background_style=&#8221;rounded&#8221; size=&#8221;xl&#8221; align=&#8221;center&#8221; css_animation=&#8221;none&#8221; link=&#8221;url:http%3A%2F%2Fdcsh.xoc.uam.mx%2Fprodecon%2Findex.php%2Fpublicaciones3%2F&#8221;][\/vc_column][vc_column css_animation=&#8221;fadeIn&#8221; parallax=&#8221;content-moving&#8221; parallax_speed_bg=&#8221;1&#8243; width=&#8221;1\/3&#8243;]<div class=\"vcex-spacing\" style=\"height:30px\"><\/div>[vc_column_text css_animation=&#8221;none&#8221;]\n<h1 style=\"text-align: center;\"><a href=\"http:\/\/dcsh.xoc.uam.mx\/prodecon\/index.php\/mediateca\/\"><span style=\"font-size: 36px;\"><strong><span style=\"color: #33cccc;\">| Mediateca<\/span><\/strong><\/span><\/a><\/h1>\n[\/vc_column_text]<div class=\"vcex-spacing\" style=\"height:30px\"><\/div>[vc_icon icon_fontawesome=&#8221;fas fa-film&#8221; color=&#8221;turquoise&#8221; background_style=&#8221;rounded&#8221; size=&#8221;xl&#8221; align=&#8221;center&#8221; css_animation=&#8221;fadeIn&#8221; link=&#8221;url:http%3A%2F%2Fdcsh.xoc.uam.mx%2Fprodecon%2Findex.php%2Fmediateca%2F&#8221;][\/vc_column][\/vc_row][vc_row full_width=&#8221;stretch_row&#8221; wpex_fixed_bg=&#8221;fixed&#8221;][vc_column css_animation=&#8221;fadeIn&#8221; parallax=&#8221;content-moving&#8221; width=&#8221;1\/2&#8243;]<div class=\"vcex-spacing\" style=\"height:30px\"><\/div>[vc_column_text css_animation=&#8221;none&#8221;]\n<h1 style=\"text-align: center;\"><a href=\"http:\/\/dcsh.xoc.uam.mx\/prodecon\/index.php\/repositorio\/\"><span style=\"font-size: 36px;\"><strong><span style=\"color: #33cccc;\">| Repositorio<\/span><\/strong><\/span><\/a><\/h1>\n[\/vc_column_text][vc_icon icon_fontawesome=&#8221;fas fa-cloud-download-alt&#8221; color=&#8221;turquoise&#8221; background_style=&#8221;rounded&#8221; size=&#8221;xl&#8221; align=&#8221;center&#8221; css_animation=&#8221;none&#8221; link=&#8221;url:http%3A%2F%2Fdcsh.xoc.uam.mx%2Fprodecon%2Findex.php%2Frepositorio%2F&#8221;]<div class=\"vcex-spacing\" style=\"height:30px\"><\/div>[\/vc_column][vc_column css_animation=&#8221;fadeIn&#8221; parallax=&#8221;content-moving&#8221; parallax_speed_bg=&#8221;1&#8243; width=&#8221;1\/2&#8243;]<div class=\"vcex-spacing\" style=\"height:30px\"><\/div>[vc_column_text css_animation=&#8221;none&#8221;]\n<h1 style=\"text-align: center;\"><a href=\"http:\/\/dcsh.xoc.uam.mx\/prodecon\/index.php\/sitios-interes\/\"><span style=\"font-size: 36px;\"><strong><span style=\"color: #33cccc;\">| Sitios de inter\u00e9s<\/span><\/strong><\/span><\/a><\/h1>\n[\/vc_column_text]<div class=\"vcex-spacing\" style=\"height:30px\"><\/div>[vc_icon icon_fontawesome=&#8221;fas fa-laptop-code&#8221; color=&#8221;turquoise&#8221; background_style=&#8221;rounded&#8221; size=&#8221;xl&#8221; align=&#8221;center&#8221; css_animation=&#8221;none&#8221; link=&#8221;url:http%3A%2F%2Fdcsh.xoc.uam.mx%2Fprodecon%2Findex.php%2Fsitios-interes%2F&#8221;][\/vc_column][\/vc_row][\/vc_section][vc_section][vc_row][vc_column][\/vc_column][\/vc_row][\/vc_section]\n","protected":false},"excerpt":{"rendered":"<p>[vc_section css_animation=&#8221;fadeIn&#8221; full_width=&#8221;stretch_row&#8221; content_placement=&#8221;middle&#8221; wpex_fixed_bg=&#8221;fixed&#8221;][vc_row full_width=&#8221;stretch_row_content_no_spaces&#8221; full_height=&#8221;yes&#8221; columns_placement=&#8221;stretch&#8221;][vc_column][vc_column_text css_animation=&#8221;fadeIn&#8221;] [\/vc_column_text][\/vc_column][\/vc_row][vc_row][vc_column width=&#8221;1\/2&#8243;][vc_column_text css_animation=&#8221;fadeInUp&#8221;] [\/vc_column_text][\/vc_column][vc_column width=&#8221;1\/2&#8243;][vc_column_text css_animation=&#8221;fadeInUp&#8221;] Estudiantes e investigadores interesados en actividades de intercambio con la Universidad de Cassino en Italia pueden solicitar informaci\u00f3n a la Jefatura del Departamento de Producci\u00f3n&hellip;<\/p>\n","protected":false},"author":1,"featured_media":0,"parent":0,"menu_order":0,"comment_status":"closed","ping_status":"closed","template":"","meta":{"footnotes":""},"class_list":["post-11","page","type-page","status-publish","hentry","entry","no-media"],"_links":{"self":[{"href":"https:\/\/dcsh.xoc.uam.mx\/prodecon\/index.php\/wp-json\/wp\/v2\/pages\/11","targetHints":{"allow":["GET"]}}],"collection":[{"href":"https:\/\/dcsh.xoc.uam.mx\/prodecon\/index.php\/wp-json\/wp\/v2\/pages"}],"about":[{"href":"https:\/\/dcsh.xoc.uam.mx\/prodecon\/index.php\/wp-json\/wp\/v2\/types\/page"}],"author":[{"embeddable":true,"href":"https:\/\/dcsh.xoc.uam.mx\/prodecon\/index.php\/wp-json\/wp\/v2\/users\/1"}],"replies":[{"embeddable":true,"href":"https:\/\/dcsh.xoc.uam.mx\/prodecon\/index.php\/wp-json\/wp\/v2\/comments?post=11"}],"version-history":[{"count":663,"href":"https:\/\/dcsh.xoc.uam.mx\/prodecon\/index.php\/wp-json\/wp\/v2\/pages\/11\/revisions"}],"predecessor-version":[{"id":13820,"href":"https:\/\/dcsh.xoc.uam.mx\/prodecon\/index.php\/wp-json\/wp\/v2\/pages\/11\/revisions\/13820"}],"wp:attachment":[{"href":"https:\/\/dcsh.xoc.uam.mx\/prodecon\/index.php\/wp-json\/wp\/v2\/media?parent=11"}],"curies":[{"name":"wp","href":"https:\/\/api.w.org\/{rel}","templated":true}]}}